{"id":4004,"date":"2024-05-07T19:56:12","date_gmt":"2024-05-07T16:56:12","guid":{"rendered":"https:\/\/kainuunravirata.fi\/?page_id=4004"},"modified":"2024-05-07T19:56:12","modified_gmt":"2024-05-07T16:56:12","slug":"ruokaile-raveissa","status":"publish","type":"page","link":"https:\/\/kainuunravirata.fi\/?page_id=4004","title":{"rendered":"Ruokaile raveissa"},"content":{"rendered":"<style>.kb-row-layout-id4004_fca57d-7d > .kt-row-column-wrap{align-content:start;}:where(.kb-row-layout-id4004_fca57d-7d > .kt-row-column-wrap) > .wp-block-kadence-column{justify-content:start;}.kb-row-layout-id4004_fca57d-7d > .kt-row-column-wrap{column-gap:var(--global-kb-gap-none, 0rem );row-gap:var(--global-kb-gap-md, 2rem);max-width:var( --global-content-width, 1290px );padding-left:var(--global-content-edge-padding);padding-right:var(--global-content-edge-padding);padding-top:var(--global-kb-spacing-md, 2rem);padding-bottom:var(--global-kb-spacing-md, 2rem);grid-template-columns:minmax(0, calc(40% - ((var(--global-kb-gap-none, 0rem ) * 1 )\/2)))minmax(0, calc(60% - ((var(--global-kb-gap-none, 0rem ) * 1 )\/2)));}.kb-row-layout-id4004_fca57d-7d{background-image:url('https:\/\/kainuunravirata.fi\/wp-content\/uploads\/2024\/05\/DSC_9518-scaled.jpg');background-size:cover;background-position:50% 50%;background-attachment:scroll;background-repeat:no-repeat;}.kb-row-layout-id4004_fca57d-7d > .kt-row-layout-overlay{opacity:0.30;}@media all and (max-width: 1024px){.kb-row-layout-id4004_fca57d-7d > .kt-row-column-wrap{column-gap:var(--global-kb-gap-none, 0rem );grid-template-columns:minmax(0, 1fr);}}@media all and (max-width: 767px){.kb-row-layout-id4004_fca57d-7d > .kt-row-column-wrap{grid-template-columns:minmax(0, 1fr);}}<\/style><div class=\"kb-row-layout-wrap kb-row-layout-id4004_fca57d-7d alignfull kt-row-has-bg wp-block-kadence-rowlayout\"><div class=\"kt-row-column-wrap kt-has-2-columns kt-row-layout-equal kt-tab-layout-row kt-mobile-layout-row kt-row-valign-top kb-theme-content-width\">\n<style>.kadence-column4004_3c332a-fd > .kt-inside-inner-col{padding-top:0px;padding-right:0px;padding-bottom:0px;padding-left:0px;}.kadence-column4004_3c332a-fd > .kt-inside-inner-col,.kadence-column4004_3c332a-fd > .kt-inside-inner-col:before{border-top-left-radius:0px;border-top-right-radius:0px;border-bottom-right-radius:0px;border-bottom-left-radius:0px;}.kadence-column4004_3c332a-fd > .kt-inside-inner-col{column-gap:var(--global-kb-gap-sm, 1rem);}.kadence-column4004_3c332a-fd > .kt-inside-inner-col{flex-direction:column;}.kadence-column4004_3c332a-fd > .kt-inside-inner-col > .aligncenter{width:100%;}.kadence-column4004_3c332a-fd > .kt-inside-inner-col:before{opacity:0.3;}.kadence-column4004_3c332a-fd{position:relative;}@media all and (max-width: 1024px){.kadence-column4004_3c332a-fd > .kt-inside-inner-col{padding-top:0px;padding-right:0px;padding-bottom:0px;padding-left:0px;flex-direction:column;}}@media all and (max-width: 767px){.kadence-column4004_3c332a-fd > .kt-inside-inner-col{padding-top:0px;padding-right:0px;padding-bottom:0px;padding-left:0px;flex-direction:column;}}<\/style>\n<div class=\"wp-block-kadence-column kadence-column4004_3c332a-fd kvs-sm-false inner-column-2\"><div class=\"kt-inside-inner-col\"><\/div><\/div>\n\n\n<style>.kadence-column4004_86d8a9-18 > .kt-inside-inner-col{display:flex;}.kadence-column4004_86d8a9-18 > .kt-inside-inner-col{padding-top:var(--global-kb-spacing-xl, 4rem);padding-right:var(--global-kb-spacing-xxl, 5rem);padding-bottom:var(--global-kb-spacing-xl, 4rem);padding-left:var(--global-kb-spacing-xxl, 5rem);}.kadence-column4004_86d8a9-18 > .kt-inside-inner-col,.kadence-column4004_86d8a9-18 > .kt-inside-inner-col:before{border-top-left-radius:0px;border-top-right-radius:0px;border-bottom-right-radius:0px;border-bottom-left-radius:0px;}.kadence-column4004_86d8a9-18 > .kt-inside-inner-col{column-gap:var(--global-kb-gap-sm, 1rem);}.kadence-column4004_86d8a9-18 > .kt-inside-inner-col{flex-direction:column;justify-content:flex-start;}.kadence-column4004_86d8a9-18 > .kt-inside-inner-col > .aligncenter{width:100%;}.kt-row-column-wrap > .kadence-column4004_86d8a9-18{align-self:flex-start;}.kt-inner-column-height-full:not(.kt-has-1-columns) > .wp-block-kadence-column.kadence-column4004_86d8a9-18{align-self:auto;}.kt-inner-column-height-full:not(.kt-has-1-columns) > .wp-block-kadence-column.kadence-column4004_86d8a9-18 > .kt-inside-inner-col{flex-direction:column;justify-content:flex-start;}.kadence-column4004_86d8a9-18 > .kt-inside-inner-col{background-color:var(--global-palette9, #ffffff);}.kadence-column4004_86d8a9-18 > .kt-inside-inner-col:before{opacity:0.3;}.kadence-column4004_86d8a9-18{text-align:left;}.kadence-column4004_86d8a9-18{position:relative;}@media all and (max-width: 1024px){.kadence-column4004_86d8a9-18 > .kt-inside-inner-col{padding-top:var(--global-kb-spacing-xl, 4rem);padding-right:var(--global-kb-spacing-xl, 4rem);padding-bottom:var(--global-kb-spacing-lg, 3rem);padding-left:var(--global-kb-spacing-xl, 4rem);flex-direction:column;}}@media all and (max-width: 1024px){.kt-row-column-wrap > .kadence-column4004_86d8a9-18{align-self:flex-start;}}@media all and (max-width: 1024px){.kt-inner-column-height-full:not(.kt-has-1-columns) > .wp-block-kadence-column.kadence-column4004_86d8a9-18{align-self:auto;}}@media all and (max-width: 1024px){.kt-inner-column-height-full:not(.kt-has-1-columns) > .wp-block-kadence-column.kadence-column4004_86d8a9-18 > .kt-inside-inner-col{flex-direction:column;justify-content:flex-start;}}@media all and (max-width: 767px){.kadence-column4004_86d8a9-18 > .kt-inside-inner-col{padding-top:var(--global-kb-spacing-md, 2rem);padding-right:var(--global-kb-spacing-md, 2rem);padding-bottom:var(--global-kb-spacing-md, 2rem);padding-left:var(--global-kb-spacing-md, 2rem);flex-direction:column;}.kt-row-column-wrap > .kadence-column4004_86d8a9-18{align-self:flex-start;}.kt-inner-column-height-full:not(.kt-has-1-columns) > .wp-block-kadence-column.kadence-column4004_86d8a9-18{align-self:auto;}.kt-inner-column-height-full:not(.kt-has-1-columns) > .wp-block-kadence-column.kadence-column4004_86d8a9-18 > .kt-inside-inner-col{flex-direction:column;justify-content:flex-start;}}<\/style>\n<div class=\"wp-block-kadence-column kadence-column4004_86d8a9-18 kb-section-dir-vertical inner-column-1\"><div class=\"kt-inside-inner-col\"><style>.wp-block-kadence-advancedheading.kt-adv-heading4004_ffde95-2a, .wp-block-kadence-advancedheading.kt-adv-heading4004_ffde95-2a[data-kb-block=\"kb-adv-heading4004_ffde95-2a\"]{font-size:var(--global-kb-font-size-lg, 2rem);line-height:1.2;font-style:normal;}.wp-block-kadence-advancedheading.kt-adv-heading4004_ffde95-2a mark.kt-highlight, .wp-block-kadence-advancedheading.kt-adv-heading4004_ffde95-2a[data-kb-block=\"kb-adv-heading4004_ffde95-2a\"] mark.kt-highlight{font-style:normal;color:#f76a0c;-webkit-box-decoration-break:clone;box-decoration-break:clone;padding-top:0px;padding-right:0px;padding-bottom:0px;padding-left:0px;}<\/style>\n<h2 class=\"kt-adv-heading4004_ffde95-2a wp-block-kadence-advancedheading has-theme-palette-3-color has-text-color\" data-kb-block=\"kb-adv-heading4004_ffde95-2a\">Suut makiaks ja mahat t\u00e4yteen!<\/h2>\n\n\n\n<p><a href=\"https:\/\/herkkukulma.fi\/\" target=\"_blank\" rel=\"noreferrer noopener\">Kontinjoen Herkkukulma<\/a> tarjoaa ravip\u00e4ivien herkullisen ruokatarjonnan tuomalla mukanaan Kivikyl\u00e4n Kotipalvaamon tuotteet! Ravip\u00e4iv\u00e4mme herkullisista myyntikojuista l\u00f6yd\u00e4t laajan valikoiman ruokia, joista voit nauttia raviel\u00e4mysten lomassa. Valitse mieleisesi ravimakkara, keitto, makkaraperunat tai ravikansan suosikki lihapiirakka.<\/p>\n\n\n\n<p>Makean yst\u00e4v\u00e4n unelma t\u00e4yttyy metrilakun ja j\u00e4\u00e4tel\u00f6n sek\u00e4 kuuluisien Kuluntalahden lettujen muodossa. Tule nauttimaan herkkuhetkist\u00e4 kanssamme radan reunoilla, ja tee ravip\u00e4iv\u00e4st\u00e4si t\u00e4ydellinen herkullisen tarjonnan&nbsp;\u00e4\u00e4rell\u00e4!<\/p>\n\n\n\n<p>Hiittipub palvelee janoisia aikuisia kylmill\u00e4 juomilla toimistorakennuksessa! Pubin ja terassin ik\u00e4raja on 18-vuotta.<\/p>\n<\/div><\/div>\n\n<\/div><\/div>\n\n<style>.kb-row-layout-id4004_c5d810-46 > .kt-row-column-wrap{align-content:center;}:where(.kb-row-layout-id4004_c5d810-46 > .kt-row-column-wrap) > .wp-block-kadence-column{justify-content:center;}.kb-row-layout-id4004_c5d810-46 > .kt-row-column-wrap{column-gap:var(--global-kb-gap-lg, 4rem);row-gap:var(--global-kb-gap-md, 2rem);max-width:var( --global-content-width, 1290px );padding-left:var(--global-content-edge-padding);padding-right:var(--global-content-edge-padding);padding-top:var(--global-kb-spacing-md, 2rem);padding-bottom:var(--global-kb-spacing-md, 2rem);grid-template-columns:repeat(2, minmax(0, 1fr));}.kb-row-layout-id4004_c5d810-46 > .kt-row-layout-overlay{opacity:0.30;}@media all and (max-width: 1024px){.kb-row-layout-id4004_c5d810-46 > .kt-row-column-wrap{column-gap:var(--global-kb-gap-md, 2rem);padding-top:var(--global-kb-spacing-lg, 3rem);padding-right:var(--global-kb-spacing-lg, 3rem);padding-bottom:var(--global-kb-spacing-lg, 3rem);padding-left:var(--global-kb-spacing-lg, 3rem);grid-template-columns:minmax(0, 1fr);}}@media all and (max-width: 767px){.kb-row-layout-id4004_c5d810-46 > .kt-row-column-wrap{grid-template-columns:minmax(0, 1fr);}}<\/style><div class=\"kb-row-layout-wrap kb-row-layout-id4004_c5d810-46 alignfull has-theme-palette9-background-color kt-row-has-bg wp-block-kadence-rowlayout\"><div class=\"kt-row-column-wrap kt-has-2-columns kt-row-layout-equal kt-tab-layout-row kt-mobile-layout-row kt-row-valign-middle kb-theme-content-width\">\n<style>.kadence-column4004_68784a-31 > .kt-inside-inner-col,.kadence-column4004_68784a-31 > .kt-inside-inner-col:before{border-top-left-radius:0px;border-top-right-radius:0px;border-bottom-right-radius:0px;border-bottom-left-radius:0px;}.kadence-column4004_68784a-31 > .kt-inside-inner-col{column-gap:0px;}.kadence-column4004_68784a-31 > .kt-inside-inner-col{flex-direction:column;}.kadence-column4004_68784a-31 > .kt-inside-inner-col > .aligncenter{width:100%;}.kadence-column4004_68784a-31 > .kt-inside-inner-col:before{opacity:0.3;}.kadence-column4004_68784a-31{text-align:left;}.kadence-column4004_68784a-31{position:relative;}@media all and (max-width: 1024px){.kadence-column4004_68784a-31 > .kt-inside-inner-col{flex-direction:column;}}@media all and (max-width: 767px){.kadence-column4004_68784a-31 > .kt-inside-inner-col{flex-direction:column;}}<\/style>\n<div class=\"wp-block-kadence-column kadence-column4004_68784a-31 kb-section-dir-vertical inner-column-2\"><div class=\"kt-inside-inner-col\"><style>.kb-image4004_02e290-05 .kb-image-has-overlay:after{opacity:0.3;}<\/style>\n<figure class=\"wp-block-kadence-image kb-image4004_02e290-05 kb-image-is-ratio-size\"><div class=\"kb-is-ratio-image kb-image-ratio-square\"><img loading=\"lazy\" decoding=\"async\" width=\"2560\" height=\"1709\" src=\"https:\/\/kainuunravirata.fi\/wp-content\/uploads\/2024\/05\/DSC_1978-2-scaled.jpg\" class=\"kb-img wp-image-4006\" srcset=\"https:\/\/kainuunravirata.fi\/wp-content\/uploads\/2024\/05\/DSC_1978-2-scaled.jpg 2560w, https:\/\/kainuunravirata.fi\/wp-content\/uploads\/2024\/05\/DSC_1978-2-scaled-600x401.jpg 600w, https:\/\/kainuunravirata.fi\/wp-content\/uploads\/2024\/05\/DSC_1978-2-scaled-300x200.jpg 300w, https:\/\/kainuunravirata.fi\/wp-content\/uploads\/2024\/05\/DSC_1978-2-scaled-1024x684.jpg 1024w, https:\/\/kainuunravirata.fi\/wp-content\/uploads\/2024\/05\/DSC_1978-2-768x513.jpg 768w, https:\/\/kainuunravirata.fi\/wp-content\/uploads\/2024\/05\/DSC_1978-2-scaled-1536x1025.jpg 1536w, https:\/\/kainuunravirata.fi\/wp-content\/uploads\/2024\/05\/DSC_1978-2-scaled-2048x1367.jpg 2048w\" sizes=\"(max-width: 2560px) 100vw, 2560px\" \/><\/div><\/figure>\n<\/div><\/div>\n\n\n<style>.kadence-column4004_2cde8a-3f > .kt-inside-inner-col{display:flex;}.kadence-column4004_2cde8a-3f > .kt-inside-inner-col,.kadence-column4004_2cde8a-3f > .kt-inside-inner-col:before{border-top-left-radius:0px;border-top-right-radius:0px;border-bottom-right-radius:0px;border-bottom-left-radius:0px;}.kadence-column4004_2cde8a-3f > .kt-inside-inner-col{column-gap:var(--global-kb-gap-sm, 1rem);}.kadence-column4004_2cde8a-3f > .kt-inside-inner-col{flex-direction:column;justify-content:center;}.kadence-column4004_2cde8a-3f > .kt-inside-inner-col > .aligncenter{width:100%;}.kt-row-column-wrap > .kadence-column4004_2cde8a-3f{align-self:center;}.kt-inner-column-height-full:not(.kt-has-1-columns) > .wp-block-kadence-column.kadence-column4004_2cde8a-3f{align-self:auto;}.kt-inner-column-height-full:not(.kt-has-1-columns) > .wp-block-kadence-column.kadence-column4004_2cde8a-3f > .kt-inside-inner-col{flex-direction:column;justify-content:center;}.kadence-column4004_2cde8a-3f > .kt-inside-inner-col:before{opacity:0.3;}.kadence-column4004_2cde8a-3f{text-align:left;}.kadence-column4004_2cde8a-3f{position:relative;}@media all and (max-width: 1024px){.kadence-column4004_2cde8a-3f > .kt-inside-inner-col{padding-top:0px;padding-right:0px;padding-bottom:0px;padding-left:0px;flex-direction:column;}}@media all and (max-width: 1024px){.kt-row-column-wrap > .kadence-column4004_2cde8a-3f{align-self:center;}}@media all and (max-width: 1024px){.kt-inner-column-height-full:not(.kt-has-1-columns) > .wp-block-kadence-column.kadence-column4004_2cde8a-3f{align-self:auto;}}@media all and (max-width: 1024px){.kt-inner-column-height-full:not(.kt-has-1-columns) > .wp-block-kadence-column.kadence-column4004_2cde8a-3f > .kt-inside-inner-col{flex-direction:column;justify-content:center;}}@media all and (max-width: 767px){.kt-row-column-wrap > .kadence-column4004_2cde8a-3f{align-self:center;}.kt-inner-column-height-full:not(.kt-has-1-columns) > .wp-block-kadence-column.kadence-column4004_2cde8a-3f{align-self:auto;}.kt-inner-column-height-full:not(.kt-has-1-columns) > .wp-block-kadence-column.kadence-column4004_2cde8a-3f > .kt-inside-inner-col{flex-direction:column;justify-content:center;}.kadence-column4004_2cde8a-3f > .kt-inside-inner-col{flex-direction:column;}}<\/style>\n<div class=\"wp-block-kadence-column kadence-column4004_2cde8a-3f kb-section-dir-vertical inner-column-1\"><div class=\"kt-inside-inner-col\"><style>.wp-block-kadence-advancedheading.kt-adv-heading4004_d3c1ab-a1, .wp-block-kadence-advancedheading.kt-adv-heading4004_d3c1ab-a1[data-kb-block=\"kb-adv-heading4004_d3c1ab-a1\"]{font-size:var(--global-kb-font-size-lg, 2rem);line-height:1.2;font-style:normal;}.wp-block-kadence-advancedheading.kt-adv-heading4004_d3c1ab-a1 mark.kt-highlight, .wp-block-kadence-advancedheading.kt-adv-heading4004_d3c1ab-a1[data-kb-block=\"kb-adv-heading4004_d3c1ab-a1\"] mark.kt-highlight{font-style:normal;color:#f76a0c;-webkit-box-decoration-break:clone;box-decoration-break:clone;padding-top:0px;padding-right:0px;padding-bottom:0px;padding-left:0px;}<\/style>\n<h2 class=\"kt-adv-heading4004_d3c1ab-a1 wp-block-kadence-advancedheading has-theme-palette-3-color has-text-color\" data-kb-block=\"kb-adv-heading4004_d3c1ab-a1\">S\u00e4\u00e4st\u00e4 riippuen\u2026<\/h2>\n\n\n<style>.wp-block-kadence-advancedheading.kt-adv-heading4004_c0cb42-b3, .wp-block-kadence-advancedheading.kt-adv-heading4004_c0cb42-b3[data-kb-block=\"kb-adv-heading4004_c0cb42-b3\"]{margin-bottom:var(--global-kb-spacing-sm, 1.5rem);font-style:normal;}.wp-block-kadence-advancedheading.kt-adv-heading4004_c0cb42-b3 mark.kt-highlight, .wp-block-kadence-advancedheading.kt-adv-heading4004_c0cb42-b3[data-kb-block=\"kb-adv-heading4004_c0cb42-b3\"] mark.kt-highlight{font-style:normal;color:#f76a0c;-webkit-box-decoration-break:clone;box-decoration-break:clone;padding-top:0px;padding-right:0px;padding-bottom:0px;padding-left:0px;}<\/style>\n<p class=\"kt-adv-heading4004_c0cb42-b3 wp-block-kadence-advancedheading has-theme-palette-3-color has-text-color\" data-kb-block=\"kb-adv-heading4004_c0cb42-b3\">L\u00e4mpimin\u00e4 kes\u00e4p\u00e4ivin\u00e4 my\u00f6s j\u00e4\u00e4tel\u00f6valikoima paranee! Viile\u00e4mm\u00e4ll\u00e4 kelill\u00e4 puolestaan l\u00e4mmitell\u00e4\u00e4n l\u00e4mpimien ruokien parissa. Tarjoiluissa on ravip\u00e4ivist\u00e4 riippuen hieman eroja, mutta allergeenit ja erityisruokavaliot huomioidaan aina!<\/p>\n<\/div><\/div>\n\n<\/div><\/div>","protected":false},"excerpt":{"rendered":"<p>Suut makiaks ja mahat t\u00e4yteen! Kontinjoen Herkkukulma tarjoaa ravip\u00e4ivien herkullisen ruokatarjonnan tuomalla mukanaan Kivikyl\u00e4n Kotipalvaamon tuotteet! Ravip\u00e4iv\u00e4mme herkullisista myyntikojuista l\u00f6yd\u00e4t laajan valikoiman ruokia, joista voit nauttia raviel\u00e4mysten lomassa. Valitse mieleisesi&#8230;<\/p>\n","protected":false},"author":1,"featured_media":0,"parent":0,"menu_order":0,"comment_status":"closed","ping_status":"closed","template":"","meta":{"give_campaign_id":0,"_price":"","_stock":"","_tribe_ticket_header":"","_tribe_default_ticket_provider":"","_tribe_ticket_capacity":"0","_ticket_start_date":"","_ticket_end_date":"","_tribe_ticket_show_description":"","_tribe_ticket_show_not_going":false,"_tribe_ticket_use_global_stock":"","_tribe_ticket_global_stock_level":"","_global_stock_mode":"","_global_stock_cap":"","_tribe_rsvp_for_event":"","_tribe_ticket_going_count":"","_tribe_ticket_not_going_count":"","_tribe_tickets_list":"[]","_tribe_ticket_has_attendee_info_fields":false,"_EventAllDay":false,"_EventTimezone":"","_EventStartDate":"","_EventEndDate":"","_EventStartDateUTC":"","_EventEndDateUTC":"","_EventShowMap":false,"_EventShowMapLink":false,"_EventURL":"","_EventCost":"","_EventCostDescription":"","_EventCurrencySymbol":"","_EventCurrencyCode":"","_EventCurrencyPosition":"","_EventDateTimeSeparator":"","_EventTimeRangeSeparator":"","_EventOrganizerID":[],"_EventVenueID":[],"_OrganizerEmail":"","_OrganizerPhone":"","_OrganizerWebsite":"","_VenueAddress":"","_VenueCity":"","_VenueCountry":"","_VenueProvince":"","_VenueState":"","_VenueZip":"","_VenuePhone":"","_VenueURL":"","_VenueStateProvince":"","_VenueLat":"","_VenueLng":"","_VenueShowMap":false,"_VenueShowMapLink":false,"_kadence_starter_templates_imported_post":false,"_kad_post_transparent":"","_kad_post_title":"","_kad_post_layout":"","_kad_post_sidebar_id":"","_kad_post_content_style":"","_kad_post_vertical_padding":"","_kad_post_feature":"","_kad_post_feature_position":"","_kad_post_header":false,"_kad_post_footer":false,"footnotes":"","_tec_slr_enabled":"","_tec_slr_layout":""},"campaignId":"","ticketed":false,"_links":{"self":[{"href":"https:\/\/kainuunravirata.fi\/index.php?rest_route=\/wp\/v2\/pages\/4004"}],"collection":[{"href":"https:\/\/kainuunravirata.fi\/index.php?rest_route=\/wp\/v2\/pages"}],"about":[{"href":"https:\/\/kainuunravirata.fi\/index.php?rest_route=\/wp\/v2\/types\/page"}],"author":[{"embeddable":true,"href":"https:\/\/kainuunravirata.fi\/index.php?rest_route=\/wp\/v2\/users\/1"}],"replies":[{"embeddable":true,"href":"https:\/\/kainuunravirata.fi\/index.php?rest_route=%2Fwp%2Fv2%2Fcomments&post=4004"}],"version-history":[{"count":1,"href":"https:\/\/kainuunravirata.fi\/index.php?rest_route=\/wp\/v2\/pages\/4004\/revisions"}],"predecessor-version":[{"id":4008,"href":"https:\/\/kainuunravirata.fi\/index.php?rest_route=\/wp\/v2\/pages\/4004\/revisions\/4008"}],"wp:attachment":[{"href":"https:\/\/kainuunravirata.fi\/index.php?rest_route=%2Fwp%2Fv2%2Fmedia&parent=4004"}],"curies":[{"name":"wp","href":"https:\/\/api.w.org\/{rel}","templated":true}]}}