{"id":4015,"date":"2024-05-07T20:29:37","date_gmt":"2024-05-07T17:29:37","guid":{"rendered":"https:\/\/kainuunravirata.fi\/?page_id=4015"},"modified":"2025-06-12T16:48:06","modified_gmt":"2025-06-12T13:48:06","slug":"yhteistyokumppaniksi","status":"publish","type":"page","link":"https:\/\/kainuunravirata.fi\/?page_id=4015","title":{"rendered":"Yhteisty\u00f6kumppaniksi"},"content":{"rendered":"<style>.kb-row-layout-id4015_5dbd0a-60 > .kt-row-column-wrap{align-content:start;}:where(.kb-row-layout-id4015_5dbd0a-60 > .kt-row-column-wrap) > .wp-block-kadence-column{justify-content:start;}.kb-row-layout-id4015_5dbd0a-60 > .kt-row-column-wrap{column-gap:var(--global-kb-gap-none, 0rem );row-gap:var(--global-kb-gap-md, 2rem);max-width:var( --global-content-width, 1290px );padding-left:var(--global-content-edge-padding);padding-right:var(--global-content-edge-padding);padding-top:var(--global-kb-spacing-md, 2rem);padding-bottom:var(--global-kb-spacing-md, 2rem);grid-template-columns:minmax(0, calc(45% - ((var(--global-kb-gap-none, 0rem ) * 1 )\/2)))minmax(0, calc(55% - ((var(--global-kb-gap-none, 0rem ) * 1 )\/2)));}.kb-row-layout-id4015_5dbd0a-60{background-image:url('https:\/\/kainuunravirata.fi\/wp-content\/uploads\/2024\/05\/27.8.23-raveista.jpeg');background-size:cover;background-position:4% 50%;background-attachment:scroll;background-repeat:no-repeat;}.kb-row-layout-id4015_5dbd0a-60 > .kt-row-layout-overlay{opacity:0.30;}@media all and (max-width: 1024px){.kb-row-layout-id4015_5dbd0a-60 > .kt-row-column-wrap{column-gap:var(--global-kb-gap-none, 0rem );grid-template-columns:minmax(0, 1fr);}}@media all and (max-width: 767px){.kb-row-layout-id4015_5dbd0a-60 > .kt-row-column-wrap{grid-template-columns:minmax(0, 1fr);}}<\/style><div class=\"kb-row-layout-wrap kb-row-layout-id4015_5dbd0a-60 alignfull kt-row-has-bg wp-block-kadence-rowlayout\"><div class=\"kt-row-column-wrap kt-has-2-columns kt-row-layout-equal kt-tab-layout-row kt-mobile-layout-row kt-row-valign-top kb-theme-content-width\">\n<style>.kadence-column4015_e0d237-37 > .kt-inside-inner-col{display:flex;}.kadence-column4015_e0d237-37 > .kt-inside-inner-col{padding-top:var(--global-kb-spacing-xl, 4rem);padding-right:var(--global-kb-spacing-xxl, 5rem);padding-bottom:var(--global-kb-spacing-xl, 4rem);padding-left:var(--global-kb-spacing-xxl, 5rem);}.kadence-column4015_e0d237-37 > .kt-inside-inner-col,.kadence-column4015_e0d237-37 > .kt-inside-inner-col:before{border-top-left-radius:0px;border-top-right-radius:0px;border-bottom-right-radius:0px;border-bottom-left-radius:0px;}.kadence-column4015_e0d237-37 > .kt-inside-inner-col{column-gap:var(--global-kb-gap-sm, 1rem);}.kadence-column4015_e0d237-37 > .kt-inside-inner-col{flex-direction:column;justify-content:flex-start;}.kadence-column4015_e0d237-37 > .kt-inside-inner-col > .aligncenter{width:100%;}.kt-row-column-wrap > .kadence-column4015_e0d237-37{align-self:flex-start;}.kt-inner-column-height-full:not(.kt-has-1-columns) > .wp-block-kadence-column.kadence-column4015_e0d237-37{align-self:auto;}.kt-inner-column-height-full:not(.kt-has-1-columns) > .wp-block-kadence-column.kadence-column4015_e0d237-37 > .kt-inside-inner-col{flex-direction:column;justify-content:flex-start;}.kadence-column4015_e0d237-37 > .kt-inside-inner-col{background-color:var(--global-palette9, #ffffff);}.kadence-column4015_e0d237-37 > .kt-inside-inner-col:before{opacity:0.3;}.kadence-column4015_e0d237-37{text-align:left;}.kadence-column4015_e0d237-37{position:relative;}@media all and (max-width: 1024px){.kadence-column4015_e0d237-37 > .kt-inside-inner-col{padding-top:var(--global-kb-spacing-xl, 4rem);padding-right:var(--global-kb-spacing-xl, 4rem);padding-bottom:var(--global-kb-spacing-lg, 3rem);padding-left:var(--global-kb-spacing-xl, 4rem);flex-direction:column;}}@media all and (max-width: 1024px){.kt-row-column-wrap > .kadence-column4015_e0d237-37{align-self:flex-start;}}@media all and (max-width: 1024px){.kt-inner-column-height-full:not(.kt-has-1-columns) > .wp-block-kadence-column.kadence-column4015_e0d237-37{align-self:auto;}}@media all and (max-width: 1024px){.kt-inner-column-height-full:not(.kt-has-1-columns) > .wp-block-kadence-column.kadence-column4015_e0d237-37 > .kt-inside-inner-col{flex-direction:column;justify-content:flex-start;}}@media all and (max-width: 767px){.kadence-column4015_e0d237-37 > .kt-inside-inner-col{padding-top:var(--global-kb-spacing-md, 2rem);padding-right:var(--global-kb-spacing-md, 2rem);padding-bottom:var(--global-kb-spacing-md, 2rem);padding-left:var(--global-kb-spacing-md, 2rem);flex-direction:column;}.kt-row-column-wrap > .kadence-column4015_e0d237-37{align-self:flex-start;}.kt-inner-column-height-full:not(.kt-has-1-columns) > .wp-block-kadence-column.kadence-column4015_e0d237-37{align-self:auto;}.kt-inner-column-height-full:not(.kt-has-1-columns) > .wp-block-kadence-column.kadence-column4015_e0d237-37 > .kt-inside-inner-col{flex-direction:column;justify-content:flex-start;}}<\/style>\n<div class=\"wp-block-kadence-column kadence-column4015_e0d237-37 kb-section-dir-vertical inner-column-1\"><div class=\"kt-inside-inner-col\"><style>.wp-block-kadence-advancedheading.kt-adv-heading4015_b20759-60, .wp-block-kadence-advancedheading.kt-adv-heading4015_b20759-60[data-kb-block=\"kb-adv-heading4015_b20759-60\"]{font-size:var(--global-kb-font-size-lg, 2rem);line-height:1.2;font-style:normal;}.wp-block-kadence-advancedheading.kt-adv-heading4015_b20759-60 mark.kt-highlight, .wp-block-kadence-advancedheading.kt-adv-heading4015_b20759-60[data-kb-block=\"kb-adv-heading4015_b20759-60\"] mark.kt-highlight{font-style:normal;color:#f76a0c;-webkit-box-decoration-break:clone;box-decoration-break:clone;padding-top:0px;padding-right:0px;padding-bottom:0px;padding-left:0px;}<\/style>\n<h2 class=\"kt-adv-heading4015_b20759-60 wp-block-kadence-advancedheading has-theme-palette-3-color has-text-color\" data-kb-block=\"kb-adv-heading4015_b20759-60\">Meill\u00e4 saat n\u00e4kyvyytt\u00e4 yrityksellesi<\/h2>\n\n\n\n<p>Kainuun Ravirata Oy tarjoaa monipuolisia mainos mahdollisuuksia yrityksille ja yhteis\u00f6ille. N\u00e4kyvyytt\u00e4 on tarjolla sis\u00e4 ja ulko mainoksissa, loimil\u00e4hd\u00f6iss\u00e4, sosiaalisessa mediassa, verkkosivuilla, ravip\u00e4ivin\u00e4 k\u00e4siohjelmassa tai \u00e4\u00e4nimainontana.<\/p>\n\n\n\n<p>Kauden 2025 aikana Kainuussa ravataan kuudet Toto ravit sek\u00e4 yhdet poniravit. Ravien lis\u00e4ksi alueella j\u00e4rjestet\u00e4\u00e4n my\u00f6s muita tapahtumia ja raviradan tiloja on vuokrattavissa my\u00f6s yritysten, yhteis\u00f6jen tai yksityishenkil\u00f6iden omille tapahtumille ja tilaisuuksille.<\/p>\n<\/div><\/div>\n\n\n<style>.kadence-column4015_d7e4ce-de > .kt-inside-inner-col{padding-top:0px;padding-right:0px;padding-bottom:0px;padding-left:0px;}.kadence-column4015_d7e4ce-de > .kt-inside-inner-col,.kadence-column4015_d7e4ce-de > .kt-inside-inner-col:before{border-top-left-radius:0px;border-top-right-radius:0px;border-bottom-right-radius:0px;border-bottom-left-radius:0px;}.kadence-column4015_d7e4ce-de > .kt-inside-inner-col{column-gap:var(--global-kb-gap-sm, 1rem);}.kadence-column4015_d7e4ce-de > .kt-inside-inner-col{flex-direction:column;}.kadence-column4015_d7e4ce-de > .kt-inside-inner-col > .aligncenter{width:100%;}.kadence-column4015_d7e4ce-de > .kt-inside-inner-col:before{opacity:0.3;}.kadence-column4015_d7e4ce-de{position:relative;}@media all and (max-width: 1024px){.kadence-column4015_d7e4ce-de > .kt-inside-inner-col{padding-top:0px;padding-right:0px;padding-bottom:0px;padding-left:0px;flex-direction:column;}}@media all and (max-width: 767px){.kadence-column4015_d7e4ce-de > .kt-inside-inner-col{padding-top:0px;padding-right:0px;padding-bottom:0px;padding-left:0px;flex-direction:column;}}<\/style>\n<div class=\"wp-block-kadence-column kadence-column4015_d7e4ce-de kvs-sm-false inner-column-2\"><div class=\"kt-inside-inner-col\"><\/div><\/div>\n\n<\/div><\/div>\n\n<style>.kb-row-layout-id4015_14f774-32 > .kt-row-column-wrap{align-content:center;}:where(.kb-row-layout-id4015_14f774-32 > .kt-row-column-wrap) > .wp-block-kadence-column{justify-content:center;}.kb-row-layout-id4015_14f774-32 > .kt-row-column-wrap{column-gap:var(--global-kb-gap-lg, 4rem);row-gap:var(--global-kb-gap-md, 2rem);max-width:var( --global-content-width, 1290px );padding-left:var(--global-content-edge-padding);padding-right:var(--global-content-edge-padding);padding-top:var(--global-kb-spacing-sm, 1.5rem);padding-bottom:var(--global-kb-spacing-xs, 1rem);grid-template-columns:repeat(2, minmax(0, 1fr));}.kb-row-layout-id4015_14f774-32 > .kt-row-layout-overlay{opacity:0.30;}@media all and (max-width: 1024px){.kb-row-layout-id4015_14f774-32 > .kt-row-column-wrap{column-gap:var(--global-kb-gap-md, 2rem);padding-top:var(--global-kb-spacing-lg, 3rem);padding-right:var(--global-kb-spacing-lg, 3rem);padding-bottom:var(--global-kb-spacing-lg, 3rem);padding-left:var(--global-kb-spacing-lg, 3rem);grid-template-columns:minmax(0, 1fr);}}@media all and (max-width: 767px){.kb-row-layout-id4015_14f774-32 > .kt-row-column-wrap{grid-template-columns:minmax(0, 1fr);}}<\/style><div class=\"kb-row-layout-wrap kb-row-layout-id4015_14f774-32 alignfull has-theme-palette9-background-color kt-row-has-bg wp-block-kadence-rowlayout\"><div class=\"kt-row-column-wrap kt-has-2-columns kt-row-layout-equal kt-tab-layout-row kt-mobile-layout-row kt-row-valign-middle kb-theme-content-width\">\n<style>.kadence-column4015_1c66d2-6e > .kt-inside-inner-col,.kadence-column4015_1c66d2-6e > .kt-inside-inner-col:before{border-top-left-radius:0px;border-top-right-radius:0px;border-bottom-right-radius:0px;border-bottom-left-radius:0px;}.kadence-column4015_1c66d2-6e > .kt-inside-inner-col{column-gap:0px;}.kadence-column4015_1c66d2-6e > .kt-inside-inner-col{flex-direction:column;}.kadence-column4015_1c66d2-6e > .kt-inside-inner-col > .aligncenter{width:100%;}.kadence-column4015_1c66d2-6e > .kt-inside-inner-col:before{opacity:0.3;}.kadence-column4015_1c66d2-6e{text-align:left;}.kadence-column4015_1c66d2-6e{position:relative;}@media all and (max-width: 1024px){.kadence-column4015_1c66d2-6e > .kt-inside-inner-col{flex-direction:column;}}@media all and (max-width: 767px){.kadence-column4015_1c66d2-6e > .kt-inside-inner-col{flex-direction:column;}}<\/style>\n<div class=\"wp-block-kadence-column kadence-column4015_1c66d2-6e kb-section-dir-vertical inner-column-2\"><div class=\"kt-inside-inner-col\"><style>.kb-image4015_acfd67-e6 .kb-image-has-overlay:after{opacity:0.3;}<\/style>\n<figure class=\"wp-block-kadence-image kb-image4015_acfd67-e6\"><img loading=\"lazy\" decoding=\"async\" width=\"3872\" height=\"2581\" src=\"https:\/\/kainuunravirata.fi\/wp-content\/uploads\/2024\/05\/LPloimi.png\" alt=\"\" class=\"kb-img wp-image-4149\" srcset=\"https:\/\/kainuunravirata.fi\/wp-content\/uploads\/2024\/05\/LPloimi.png 3872w, https:\/\/kainuunravirata.fi\/wp-content\/uploads\/2024\/05\/LPloimi-300x200.png 300w, https:\/\/kainuunravirata.fi\/wp-content\/uploads\/2024\/05\/LPloimi-1024x683.png 1024w, https:\/\/kainuunravirata.fi\/wp-content\/uploads\/2024\/05\/LPloimi-768x512.png 768w, https:\/\/kainuunravirata.fi\/wp-content\/uploads\/2024\/05\/LPloimi-1536x1024.png 1536w, https:\/\/kainuunravirata.fi\/wp-content\/uploads\/2024\/05\/LPloimi-2048x1365.png 2048w, https:\/\/kainuunravirata.fi\/wp-content\/uploads\/2024\/05\/LPloimi-600x400.png 600w\" sizes=\"(max-width: 3872px) 100vw, 3872px\" \/><\/figure>\n<\/div><\/div>\n\n\n<style>.kadence-column4015_db1900-21 > .kt-inside-inner-col{display:flex;}.kadence-column4015_db1900-21 > .kt-inside-inner-col,.kadence-column4015_db1900-21 > .kt-inside-inner-col:before{border-top-left-radius:0px;border-top-right-radius:0px;border-bottom-right-radius:0px;border-bottom-left-radius:0px;}.kadence-column4015_db1900-21 > .kt-inside-inner-col{column-gap:var(--global-kb-gap-sm, 1rem);}.kadence-column4015_db1900-21 > .kt-inside-inner-col{flex-direction:column;justify-content:center;}.kadence-column4015_db1900-21 > .kt-inside-inner-col > .aligncenter{width:100%;}.kt-row-column-wrap > .kadence-column4015_db1900-21{align-self:center;}.kt-inner-column-height-full:not(.kt-has-1-columns) > .wp-block-kadence-column.kadence-column4015_db1900-21{align-self:auto;}.kt-inner-column-height-full:not(.kt-has-1-columns) > .wp-block-kadence-column.kadence-column4015_db1900-21 > .kt-inside-inner-col{flex-direction:column;justify-content:center;}.kadence-column4015_db1900-21 > .kt-inside-inner-col:before{opacity:0.3;}.kadence-column4015_db1900-21{text-align:left;}.kadence-column4015_db1900-21{position:relative;}@media all and (max-width: 1024px){.kadence-column4015_db1900-21 > .kt-inside-inner-col{padding-top:0px;padding-right:0px;padding-bottom:0px;padding-left:0px;flex-direction:column;}}@media all and (max-width: 1024px){.kt-row-column-wrap > .kadence-column4015_db1900-21{align-self:center;}}@media all and (max-width: 1024px){.kt-inner-column-height-full:not(.kt-has-1-columns) > .wp-block-kadence-column.kadence-column4015_db1900-21{align-self:auto;}}@media all and (max-width: 1024px){.kt-inner-column-height-full:not(.kt-has-1-columns) > .wp-block-kadence-column.kadence-column4015_db1900-21 > .kt-inside-inner-col{flex-direction:column;justify-content:center;}}@media all and (max-width: 767px){.kt-row-column-wrap > .kadence-column4015_db1900-21{align-self:center;}.kt-inner-column-height-full:not(.kt-has-1-columns) > .wp-block-kadence-column.kadence-column4015_db1900-21{align-self:auto;}.kt-inner-column-height-full:not(.kt-has-1-columns) > .wp-block-kadence-column.kadence-column4015_db1900-21 > .kt-inside-inner-col{flex-direction:column;justify-content:center;}.kadence-column4015_db1900-21 > .kt-inside-inner-col{flex-direction:column;}}<\/style>\n<div class=\"wp-block-kadence-column kadence-column4015_db1900-21 kb-section-dir-vertical inner-column-1\"><div class=\"kt-inside-inner-col\"><style>.wp-block-kadence-advancedheading.kt-adv-heading4015_3fb7c0-b3, .wp-block-kadence-advancedheading.kt-adv-heading4015_3fb7c0-b3[data-kb-block=\"kb-adv-heading4015_3fb7c0-b3\"]{font-size:var(--global-kb-font-size-lg, 2rem);line-height:1.2;font-style:normal;}.wp-block-kadence-advancedheading.kt-adv-heading4015_3fb7c0-b3 mark.kt-highlight, .wp-block-kadence-advancedheading.kt-adv-heading4015_3fb7c0-b3[data-kb-block=\"kb-adv-heading4015_3fb7c0-b3\"] mark.kt-highlight{font-style:normal;color:#f76a0c;-webkit-box-decoration-break:clone;box-decoration-break:clone;padding-top:0px;padding-right:0px;padding-bottom:0px;padding-left:0px;}<\/style>\n<h2 class=\"kt-adv-heading4015_3fb7c0-b3 wp-block-kadence-advancedheading has-theme-palette-3-color has-text-color\" data-kb-block=\"kb-adv-heading4015_3fb7c0-b3\">Loimil\u00e4hd\u00f6ll\u00e4 n\u00e4kyvyytt\u00e4 ja el\u00e4myksi\u00e4<\/h2>\n\n\n\n<ul>\n<li>Loimi asiakkaan logolla\/nimell\u00e4 varustettuna<\/li>\n\n\n\n<li>Kutsuvieraskortteja, jotka oikeuttavat sis\u00e4\u00e4np\u00e4\u00e4syyn ja ruokailuun VIP-ravintolassamme<\/li>\n\n\n\n<li>N\u00e4kyvyytt\u00e4 loimen lis\u00e4ksi\n<ul>\n<li>Kainuun raviradan verkkosivuilla ja sosiaalisessa mediassa<\/li>\n\n\n\n<li>Keskusj\u00e4rjest\u00f6 Hippoksen kilpailukutsuissa ja tulospalveluissa<\/li>\n\n\n\n<li>K\u00e4siohjelmassa (A5)<\/li>\n\n\n\n<li>\u00c4\u00e4nimainontaa raveissa<\/li>\n\n\n\n<li>Toto tv:ss\u00e4 ja MT26 kanavalla (tavoittavat kymmeni\u00e4 tuhansia ihmisi\u00e4 l\u00e4pi Suomen p\u00e4iv\u00e4st\u00e4 riippuen)<\/li>\n<\/ul>\n<\/li>\n\n\n\n<li>Logon Kainuun raviradan verkkosivuille<\/li>\n<\/ul>\n<\/div><\/div>\n\n<\/div><\/div>\n\n<style>.kb-row-layout-id4015_5313a7-1a > .kt-row-column-wrap{align-content:start;}:where(.kb-row-layout-id4015_5313a7-1a > .kt-row-column-wrap) > .wp-block-kadence-column{justify-content:start;}.kb-row-layout-id4015_5313a7-1a > .kt-row-column-wrap{column-gap:var(--global-kb-gap-md, 2rem);row-gap:var(--global-kb-gap-md, 2rem);padding-top:var(--global-kb-spacing-sm, 1.5rem);padding-bottom:var(--global-kb-spacing-sm, 1.5rem);grid-template-columns:repeat(2, minmax(0, 1fr));}.kb-row-layout-id4015_5313a7-1a > .kt-row-layout-overlay{opacity:0.30;}@media all and (max-width: 1024px){.kb-row-layout-id4015_5313a7-1a > .kt-row-column-wrap{grid-template-columns:repeat(2, minmax(0, 1fr));}}@media all and (max-width: 767px){.kb-row-layout-id4015_5313a7-1a > .kt-row-column-wrap{grid-template-columns:minmax(0, 1fr);}}<\/style><div class=\"kb-row-layout-wrap kb-row-layout-id4015_5313a7-1a alignnone wp-block-kadence-rowlayout\"><div class=\"kt-row-column-wrap kt-has-2-columns kt-row-layout-equal kt-tab-layout-inherit kt-mobile-layout-row kt-row-valign-top\">\n<style>.kadence-column4015_85a897-32 > .kt-inside-inner-col,.kadence-column4015_85a897-32 > .kt-inside-inner-col:before{border-top-left-radius:0px;border-top-right-radius:0px;border-bottom-right-radius:0px;border-bottom-left-radius:0px;}.kadence-column4015_85a897-32 > .kt-inside-inner-col{column-gap:var(--global-kb-gap-sm, 1rem);}.kadence-column4015_85a897-32 > .kt-inside-inner-col{flex-direction:column;}.kadence-column4015_85a897-32 > .kt-inside-inner-col > .aligncenter{width:100%;}.kadence-column4015_85a897-32 > .kt-inside-inner-col:before{opacity:0.3;}.kadence-column4015_85a897-32{position:relative;}@media all and (max-width: 1024px){.kadence-column4015_85a897-32 > .kt-inside-inner-col{flex-direction:column;}}@media all and (max-width: 767px){.kadence-column4015_85a897-32 > .kt-inside-inner-col{flex-direction:column;}}<\/style>\n<div class=\"wp-block-kadence-column kadence-column4015_85a897-32\"><div class=\"kt-inside-inner-col\"><style>.wp-block-kadence-advancedheading.kt-adv-heading4015_7de649-b8, .wp-block-kadence-advancedheading.kt-adv-heading4015_7de649-b8[data-kb-block=\"kb-adv-heading4015_7de649-b8\"]{font-style:normal;}.wp-block-kadence-advancedheading.kt-adv-heading4015_7de649-b8 mark.kt-highlight, .wp-block-kadence-advancedheading.kt-adv-heading4015_7de649-b8[data-kb-block=\"kb-adv-heading4015_7de649-b8\"] mark.kt-highlight{font-style:normal;color:#f76a0c;-webkit-box-decoration-break:clone;box-decoration-break:clone;padding-top:0px;padding-right:0px;padding-bottom:0px;padding-left:0px;}<\/style>\n<h2 class=\"kt-adv-heading4015_7de649-b8 wp-block-kadence-advancedheading\" data-kb-block=\"kb-adv-heading4015_7de649-b8\">Kiinnostaako yhteisty\u00f6?<\/h2>\n\n\n\n<p>Ota rohkeasti yhteytt\u00e4, niin suunnitellaan teid\u00e4n yrityksellenne sopiva kokonaisuus! J\u00e4t\u00e4 viesti alle tai numeroon 044 276 2952 \/ Seppo Sivonen<\/p>\n\n\n<style>.kb-form input.kadence-blocks-field.verify{opacity:0.0;position:absolute;top:0.0;left:0.0;width:0.0;height:0.0;z-index:-1;}<\/style>\n<div class=\"wp-block-kadence-form kadence-form-4015_9621ba-4e kb-form-wrap\"><form class=\"kb-form\" action=\"\" method=\"post\"><div class=\"kadence-blocks-form-field kb-field-desk-width-100 kb-input-size-standard\"><label for=\"kb_field_4015_9621ba-4e_0\">Nimi<\/label><input name=\"kb_field_0\" id=\"kb_field_4015_9621ba-4e_0\" data-label=\"Nimi\" type=\"text\" placeholder=\"\" value=\"\" data-type=\"text\" class=\"kb-field kb-text-style-field kb-text-field kb-field-0\"\/><\/div><div class=\"kadence-blocks-form-field kb-form-field-1 kb-field-desk-width-100 kb-input-size-standard\"><label for=\"kb_field_4015_9621ba-4e_1\">S\u00e4hk\u00f6posti<span class=\"required\">*<\/span><\/label><input name=\"kb_field_1\" id=\"kb_field_4015_9621ba-4e_1\" data-label=\"S\u00e4hk\u00f6posti\" type=\"email\" placeholder=\"\" value=\"\" data-type=\"email\" class=\"kb-field kb-text-style-field kb-email-field kb-field-1\" data-required=\"yes\"\/><\/div><div class=\"kadence-blocks-form-field kb-form-field-2 kb-field-desk-width-100 kb-input-size-standard\"><label for=\"kb_field_4015_9621ba-4e_2\">Viesti<span class=\"required\">*<\/span><\/label><textarea name=\"kb_field_2\" id=\"kb_field_4015_9621ba-4e_2\" data-label=\"Viesti\" type=\"textarea\" placeholder=\"\" data-type=\"textarea\" class=\"kb-field kb-text-style-field kb-textarea-field kb-field-2\" rows=\"4\" data-required=\"yes\"><\/textarea><\/div><input type=\"hidden\" name=\"_kb_form_id\" value=\"4015_9621ba-4e\"\/><input type=\"hidden\" name=\"_kb_form_post_id\" value=\"4015\"\/><input type=\"hidden\" name=\"action\" value=\"kb_process_ajax_submit\"\/><input class=\"kadence-blocks-field verify\" type=\"text\" name=\"_kb_verify_email\" autocomplete=\"new-password\" aria-hidden=\"true\" placeholder=\"Email\" tabindex=\"-1\" data-1p-ignore=\"true\" data-lpignore=\"true\" \/><div class=\"kadence-blocks-form-field kb-submit-field kb-field-desk-width-100\"><button class=\"kb-forms-submit button kb-button-size-standard kb-button-width-auto\">Submit<\/button><\/div><\/form><\/div>\n<noscript><div class=\"kadence-blocks-form-message kadence-blocks-form-warning\">Please enable JavaScript in your browser to submit the form<\/div><style>.kadence-form-4015_9621ba-4e .kadence-blocks-form-field.kb-submit-field { display: none; }<\/style><\/noscript><\/div><\/div>\n\n\n<style>.kadence-column4015_b50215-75 > .kt-inside-inner-col,.kadence-column4015_b50215-75 > .kt-inside-inner-col:before{border-top-left-radius:0px;border-top-right-radius:0px;border-bottom-right-radius:0px;border-bottom-left-radius:0px;}.kadence-column4015_b50215-75 > .kt-inside-inner-col{column-gap:var(--global-kb-gap-sm, 1rem);}.kadence-column4015_b50215-75 > .kt-inside-inner-col{flex-direction:column;}.kadence-column4015_b50215-75 > .kt-inside-inner-col > .aligncenter{width:100%;}.kadence-column4015_b50215-75 > .kt-inside-inner-col:before{opacity:0.3;}.kadence-column4015_b50215-75{position:relative;}@media all and (max-width: 1024px){.kadence-column4015_b50215-75 > .kt-inside-inner-col{flex-direction:column;}}@media all and (max-width: 767px){.kadence-column4015_b50215-75 > .kt-inside-inner-col{flex-direction:column;}}<\/style>\n<div class=\"wp-block-kadence-column kadence-column4015_b50215-75\"><div class=\"kt-inside-inner-col\"><style>.kb-image4015_1b4da3-fe .kb-image-has-overlay:after{opacity:0.3;}<\/style>\n<figure class=\"wp-block-kadence-image kb-image4015_1b4da3-fe size-large kb-image-is-ratio-size\"><a href=\"https:\/\/kainuunravirata.fi\/wp-content\/uploads\/2024\/05\/27.8.23-raveista-1.jpeg\" class=\"kb-advanced-image-link\"><div class=\"kb-is-ratio-image kb-image-ratio-land43\"><img loading=\"lazy\" decoding=\"async\" width=\"1024\" height=\"682\" src=\"https:\/\/kainuunravirata.fi\/wp-content\/uploads\/2024\/05\/27.8.23-raveista-1-1024x682.jpeg\" alt=\"\" class=\"kb-img wp-image-4150\" srcset=\"https:\/\/kainuunravirata.fi\/wp-content\/uploads\/2024\/05\/27.8.23-raveista-1-1024x682.jpeg 1024w, https:\/\/kainuunravirata.fi\/wp-content\/uploads\/2024\/05\/27.8.23-raveista-1-300x200.jpeg 300w, https:\/\/kainuunravirata.fi\/wp-content\/uploads\/2024\/05\/27.8.23-raveista-1-768x512.jpeg 768w, https:\/\/kainuunravirata.fi\/wp-content\/uploads\/2024\/05\/27.8.23-raveista-1-1536x1024.jpeg 1536w, https:\/\/kainuunravirata.fi\/wp-content\/uploads\/2024\/05\/27.8.23-raveista-1-2048x1365.jpeg 2048w, https:\/\/kainuunravirata.fi\/wp-content\/uploads\/2024\/05\/27.8.23-raveista-1-600x400.jpeg 600w\" sizes=\"(max-width: 1024px) 100vw, 1024px\" \/><\/div><\/a><\/figure>\n<\/div><\/div>\n\n<\/div><\/div>","protected":false},"excerpt":{"rendered":"<p>Meill\u00e4 saat n\u00e4kyvyytt\u00e4 yrityksellesi Kainuun Ravirata Oy tarjoaa monipuolisia mainos mahdollisuuksia yrityksille ja yhteis\u00f6ille. N\u00e4kyvyytt\u00e4 on tarjolla sis\u00e4 ja ulko mainoksissa, loimil\u00e4hd\u00f6iss\u00e4, sosiaalisessa mediassa, verkkosivuilla, ravip\u00e4ivin\u00e4 k\u00e4siohjelmassa tai \u00e4\u00e4nimainontana. Kauden&#8230;<\/p>\n","protected":false},"author":1,"featured_media":0,"parent":0,"menu_order":0,"comment_status":"closed","ping_status":"closed","template":"","meta":{"give_campaign_id":0,"_price":"","_stock":"","_tribe_ticket_header":"","_tribe_default_ticket_provider":"","_tribe_ticket_capacity":"0","_ticket_start_date":"","_ticket_end_date":"","_tribe_ticket_show_description":"","_tribe_ticket_show_not_going":false,"_tribe_ticket_use_global_stock":"","_tribe_ticket_global_stock_level":"","_global_stock_mode":"","_global_stock_cap":"","_tribe_rsvp_for_event":"","_tribe_ticket_going_count":"","_tribe_ticket_not_going_count":"","_tribe_tickets_list":"[]","_tribe_ticket_has_attendee_info_fields":false,"_EventAllDay":false,"_EventTimezone":"","_EventStartDate":"","_EventEndDate":"","_EventStartDateUTC":"","_EventEndDateUTC":"","_EventShowMap":false,"_EventShowMapLink":false,"_EventURL":"","_EventCost":"","_EventCostDescription":"","_EventCurrencySymbol":"","_EventCurrencyCode":"","_EventCurrencyPosition":"","_EventDateTimeSeparator":"","_EventTimeRangeSeparator":"","_EventOrganizerID":[],"_EventVenueID":[0],"_OrganizerEmail":"","_OrganizerPhone":"","_OrganizerWebsite":"","_VenueAddress":"","_VenueCity":"","_VenueCountry":"","_VenueProvince":"","_VenueState":"","_VenueZip":"","_VenuePhone":"","_VenueURL":"","_VenueStateProvince":"","_VenueLat":"","_VenueLng":"","_VenueShowMap":false,"_VenueShowMapLink":false,"_kadence_starter_templates_imported_post":false,"_kad_post_transparent":"","_kad_post_title":"","_kad_post_layout":"narrow","_kad_post_sidebar_id":"","_kad_post_content_style":"","_kad_post_vertical_padding":"","_kad_post_feature":"","_kad_post_feature_position":"","_kad_post_header":false,"_kad_post_footer":false,"footnotes":"","_tec_slr_enabled":"","_tec_slr_layout":""},"campaignId":"","ticketed":false,"_links":{"self":[{"href":"https:\/\/kainuunravirata.fi\/index.php?rest_route=\/wp\/v2\/pages\/4015"}],"collection":[{"href":"https:\/\/kainuunravirata.fi\/index.php?rest_route=\/wp\/v2\/pages"}],"about":[{"href":"https:\/\/kainuunravirata.fi\/index.php?rest_route=\/wp\/v2\/types\/page"}],"author":[{"embeddable":true,"href":"https:\/\/kainuunravirata.fi\/index.php?rest_route=\/wp\/v2\/users\/1"}],"replies":[{"embeddable":true,"href":"https:\/\/kainuunravirata.fi\/index.php?rest_route=%2Fwp%2Fv2%2Fcomments&post=4015"}],"version-history":[{"count":5,"href":"https:\/\/kainuunravirata.fi\/index.php?rest_route=\/wp\/v2\/pages\/4015\/revisions"}],"predecessor-version":[{"id":4682,"href":"https:\/\/kainuunravirata.fi\/index.php?rest_route=\/wp\/v2\/pages\/4015\/revisions\/4682"}],"wp:attachment":[{"href":"https:\/\/kainuunravirata.fi\/index.php?rest_route=%2Fwp%2Fv2%2Fmedia&parent=4015"}],"curies":[{"name":"wp","href":"https:\/\/api.w.org\/{rel}","templated":true}]}}