{"id":4017,"date":"2024-05-07T20:35:14","date_gmt":"2024-05-07T17:35:14","guid":{"rendered":"https:\/\/kainuunravirata.fi\/?page_id=4017"},"modified":"2024-05-07T20:35:14","modified_gmt":"2024-05-07T17:35:14","slug":"tilojen-vuokraus","status":"publish","type":"page","link":"https:\/\/kainuunravirata.fi\/?page_id=4017","title":{"rendered":"Tilojen vuokraus"},"content":{"rendered":"<style>.kb-row-layout-id4017_065453-fd > .kt-row-column-wrap{align-content:start;}:where(.kb-row-layout-id4017_065453-fd > .kt-row-column-wrap) > .wp-block-kadence-column{justify-content:start;}.kb-row-layout-id4017_065453-fd > .kt-row-column-wrap{column-gap:var(--global-kb-gap-none, 0rem );row-gap:var(--global-kb-gap-md, 2rem);max-width:var( --global-content-width, 1290px );padding-left:var(--global-content-edge-padding);padding-right:var(--global-content-edge-padding);padding-top:var(--global-kb-spacing-md, 2rem);padding-bottom:var(--global-kb-spacing-md, 2rem);grid-template-columns:minmax(0, calc(40% - ((var(--global-kb-gap-none, 0rem ) * 1 )\/2)))minmax(0, calc(60% - ((var(--global-kb-gap-none, 0rem ) * 1 )\/2)));}.kb-row-layout-id4017_065453-fd{background-image:url('https:\/\/kainuunravirata.fi\/wp-content\/uploads\/2024\/05\/autokatsomo-scaled.jpg');background-size:cover;background-position:38% 82%;background-attachment:scroll;background-repeat:no-repeat;}.kb-row-layout-id4017_065453-fd > .kt-row-layout-overlay{opacity:0.30;}@media all and (max-width: 1024px){.kb-row-layout-id4017_065453-fd > .kt-row-column-wrap{column-gap:var(--global-kb-gap-none, 0rem );grid-template-columns:minmax(0, 1fr);}}@media all and (max-width: 767px){.kb-row-layout-id4017_065453-fd > .kt-row-column-wrap{grid-template-columns:minmax(0, 1fr);}}<\/style><div class=\"kb-row-layout-wrap kb-row-layout-id4017_065453-fd alignfull kt-row-has-bg wp-block-kadence-rowlayout\"><div class=\"kt-row-column-wrap kt-has-2-columns kt-row-layout-equal kt-tab-layout-row kt-mobile-layout-row kt-row-valign-top kb-theme-content-width\">\n<style>.kadence-column4017_506bcc-c3 > .kt-inside-inner-col{padding-top:0px;padding-right:0px;padding-bottom:0px;padding-left:0px;}.kadence-column4017_506bcc-c3 > .kt-inside-inner-col,.kadence-column4017_506bcc-c3 > .kt-inside-inner-col:before{border-top-left-radius:0px;border-top-right-radius:0px;border-bottom-right-radius:0px;border-bottom-left-radius:0px;}.kadence-column4017_506bcc-c3 > .kt-inside-inner-col{column-gap:var(--global-kb-gap-sm, 1rem);}.kadence-column4017_506bcc-c3 > .kt-inside-inner-col{flex-direction:column;}.kadence-column4017_506bcc-c3 > .kt-inside-inner-col > .aligncenter{width:100%;}.kadence-column4017_506bcc-c3 > .kt-inside-inner-col:before{opacity:0.3;}.kadence-column4017_506bcc-c3{position:relative;}@media all and (max-width: 1024px){.kadence-column4017_506bcc-c3 > .kt-inside-inner-col{padding-top:0px;padding-right:0px;padding-bottom:0px;padding-left:0px;flex-direction:column;}}@media all and (max-width: 767px){.kadence-column4017_506bcc-c3 > .kt-inside-inner-col{padding-top:0px;padding-right:0px;padding-bottom:0px;padding-left:0px;flex-direction:column;}}<\/style>\n<div class=\"wp-block-kadence-column kadence-column4017_506bcc-c3 kvs-sm-false inner-column-2\"><div class=\"kt-inside-inner-col\"><\/div><\/div>\n\n\n<style>.kadence-column4017_17ca34-37 > .kt-inside-inner-col{display:flex;}.kadence-column4017_17ca34-37 > .kt-inside-inner-col{padding-top:var(--global-kb-spacing-xl, 4rem);padding-right:var(--global-kb-spacing-xxl, 5rem);padding-bottom:var(--global-kb-spacing-xl, 4rem);padding-left:var(--global-kb-spacing-xxl, 5rem);}.kadence-column4017_17ca34-37 > .kt-inside-inner-col,.kadence-column4017_17ca34-37 > .kt-inside-inner-col:before{border-top-left-radius:0px;border-top-right-radius:0px;border-bottom-right-radius:0px;border-bottom-left-radius:0px;}.kadence-column4017_17ca34-37 > .kt-inside-inner-col{column-gap:var(--global-kb-gap-sm, 1rem);}.kadence-column4017_17ca34-37 > .kt-inside-inner-col{flex-direction:column;justify-content:flex-start;}.kadence-column4017_17ca34-37 > .kt-inside-inner-col > .aligncenter{width:100%;}.kt-row-column-wrap > .kadence-column4017_17ca34-37{align-self:flex-start;}.kt-inner-column-height-full:not(.kt-has-1-columns) > .wp-block-kadence-column.kadence-column4017_17ca34-37{align-self:auto;}.kt-inner-column-height-full:not(.kt-has-1-columns) > .wp-block-kadence-column.kadence-column4017_17ca34-37 > .kt-inside-inner-col{flex-direction:column;justify-content:flex-start;}.kadence-column4017_17ca34-37 > .kt-inside-inner-col{background-color:var(--global-palette9, #ffffff);}.kadence-column4017_17ca34-37 > .kt-inside-inner-col:before{opacity:0.3;}.kadence-column4017_17ca34-37{text-align:left;}.kadence-column4017_17ca34-37{position:relative;}@media all and (max-width: 1024px){.kadence-column4017_17ca34-37 > .kt-inside-inner-col{padding-top:var(--global-kb-spacing-xl, 4rem);padding-right:var(--global-kb-spacing-xl, 4rem);padding-bottom:var(--global-kb-spacing-lg, 3rem);padding-left:var(--global-kb-spacing-xl, 4rem);flex-direction:column;}}@media all and (max-width: 1024px){.kt-row-column-wrap > .kadence-column4017_17ca34-37{align-self:flex-start;}}@media all and (max-width: 1024px){.kt-inner-column-height-full:not(.kt-has-1-columns) > .wp-block-kadence-column.kadence-column4017_17ca34-37{align-self:auto;}}@media all and (max-width: 1024px){.kt-inner-column-height-full:not(.kt-has-1-columns) > .wp-block-kadence-column.kadence-column4017_17ca34-37 > .kt-inside-inner-col{flex-direction:column;justify-content:flex-start;}}@media all and (max-width: 767px){.kadence-column4017_17ca34-37 > .kt-inside-inner-col{padding-top:var(--global-kb-spacing-md, 2rem);padding-right:var(--global-kb-spacing-md, 2rem);padding-bottom:var(--global-kb-spacing-md, 2rem);padding-left:var(--global-kb-spacing-md, 2rem);flex-direction:column;}.kt-row-column-wrap > .kadence-column4017_17ca34-37{align-self:flex-start;}.kt-inner-column-height-full:not(.kt-has-1-columns) > .wp-block-kadence-column.kadence-column4017_17ca34-37{align-self:auto;}.kt-inner-column-height-full:not(.kt-has-1-columns) > .wp-block-kadence-column.kadence-column4017_17ca34-37 > .kt-inside-inner-col{flex-direction:column;justify-content:flex-start;}}<\/style>\n<div class=\"wp-block-kadence-column kadence-column4017_17ca34-37 kb-section-dir-vertical inner-column-1\"><div class=\"kt-inside-inner-col\"><style>.wp-block-kadence-advancedheading.kt-adv-heading4017_0e1f23-ca, .wp-block-kadence-advancedheading.kt-adv-heading4017_0e1f23-ca[data-kb-block=\"kb-adv-heading4017_0e1f23-ca\"]{font-size:var(--global-kb-font-size-lg, 2rem);line-height:1.2;font-style:normal;}.wp-block-kadence-advancedheading.kt-adv-heading4017_0e1f23-ca mark.kt-highlight, .wp-block-kadence-advancedheading.kt-adv-heading4017_0e1f23-ca[data-kb-block=\"kb-adv-heading4017_0e1f23-ca\"] mark.kt-highlight{font-style:normal;color:#f76a0c;-webkit-box-decoration-break:clone;box-decoration-break:clone;padding-top:0px;padding-right:0px;padding-bottom:0px;padding-left:0px;}<\/style>\n<h2 class=\"kt-adv-heading4017_0e1f23-ca wp-block-kadence-advancedheading has-theme-palette-3-color has-text-color\" data-kb-block=\"kb-adv-heading4017_0e1f23-ca\">Etsitk\u00f6 vuokratilaa Kainuussa?<\/h2>\n\n\n<style>.wp-block-kadence-advancedheading.kt-adv-heading4017_52192c-7e, .wp-block-kadence-advancedheading.kt-adv-heading4017_52192c-7e[data-kb-block=\"kb-adv-heading4017_52192c-7e\"]{margin-bottom:var(--global-kb-spacing-sm, 1.5rem);font-style:normal;}.wp-block-kadence-advancedheading.kt-adv-heading4017_52192c-7e mark.kt-highlight, .wp-block-kadence-advancedheading.kt-adv-heading4017_52192c-7e[data-kb-block=\"kb-adv-heading4017_52192c-7e\"] mark.kt-highlight{font-style:normal;color:#f76a0c;-webkit-box-decoration-break:clone;box-decoration-break:clone;padding-top:0px;padding-right:0px;padding-bottom:0px;padding-left:0px;}<\/style>\n<p class=\"kt-adv-heading4017_52192c-7e wp-block-kadence-advancedheading has-theme-palette-3-color has-text-color\" data-kb-block=\"kb-adv-heading4017_52192c-7e\">Ravirataa on mahdollista vuokrata my\u00f6s muita tapahtumia varten. Meilt\u00e4 l\u00f6yd\u00e4t kaviouran lis\u00e4ksi mm. kokoustilat, suuret pys\u00e4k\u00f6intitilat sek\u00e4 100 x 60 m ratsastuskent\u00e4n.<\/p>\n<\/div><\/div>\n\n<\/div><\/div>\n\n<style>.kb-row-layout-id4017_c87426-22 > .kt-row-column-wrap{align-content:center;}:where(.kb-row-layout-id4017_c87426-22 > .kt-row-column-wrap) > .wp-block-kadence-column{justify-content:center;}.kb-row-layout-id4017_c87426-22 > .kt-row-column-wrap{column-gap:var(--global-kb-gap-lg, 4rem);row-gap:var(--global-kb-gap-md, 2rem);max-width:var( --global-content-width, 1290px );padding-left:var(--global-content-edge-padding);padding-right:var(--global-content-edge-padding);padding-top:var(--global-kb-spacing-xxl, 5rem);padding-bottom:var(--global-kb-spacing-xxl, 5rem);grid-template-columns:repeat(2, minmax(0, 1fr));}.kb-row-layout-id4017_c87426-22 > .kt-row-layout-overlay{opacity:0.30;}@media all and (max-width: 1024px){.kb-row-layout-id4017_c87426-22 > .kt-row-column-wrap{column-gap:var(--global-kb-gap-md, 2rem);padding-top:var(--global-kb-spacing-lg, 3rem);padding-right:var(--global-kb-spacing-lg, 3rem);padding-bottom:var(--global-kb-spacing-lg, 3rem);padding-left:var(--global-kb-spacing-lg, 3rem);grid-template-columns:minmax(0, 1fr);}}@media all and (max-width: 767px){.kb-row-layout-id4017_c87426-22 > .kt-row-column-wrap{grid-template-columns:minmax(0, 1fr);}}<\/style><div class=\"kb-row-layout-wrap kb-row-layout-id4017_c87426-22 alignfull has-theme-palette9-background-color kt-row-has-bg wp-block-kadence-rowlayout\"><div class=\"kt-row-column-wrap kt-has-2-columns kt-row-layout-equal kt-tab-layout-row kt-mobile-layout-row kt-row-valign-middle kb-theme-content-width\">\n<style>.kadence-column4017_d60bb4-47 > .kt-inside-inner-col,.kadence-column4017_d60bb4-47 > .kt-inside-inner-col:before{border-top-left-radius:0px;border-top-right-radius:0px;border-bottom-right-radius:0px;border-bottom-left-radius:0px;}.kadence-column4017_d60bb4-47 > .kt-inside-inner-col{column-gap:0px;}.kadence-column4017_d60bb4-47 > .kt-inside-inner-col{flex-direction:column;}.kadence-column4017_d60bb4-47 > .kt-inside-inner-col > .aligncenter{width:100%;}.kadence-column4017_d60bb4-47 > .kt-inside-inner-col:before{opacity:0.3;}.kadence-column4017_d60bb4-47{text-align:left;}.kadence-column4017_d60bb4-47{position:relative;}@media all and (max-width: 1024px){.kadence-column4017_d60bb4-47 > .kt-inside-inner-col{flex-direction:column;}}@media all and (max-width: 767px){.kadence-column4017_d60bb4-47 > .kt-inside-inner-col{flex-direction:column;}}<\/style>\n<div class=\"wp-block-kadence-column kadence-column4017_d60bb4-47 kb-section-dir-vertical inner-column-2\"><div class=\"kt-inside-inner-col\"><style>.kb-image4017_a563ae-5b .kb-image-has-overlay:after{opacity:0.3;}<\/style>\n<figure class=\"wp-block-kadence-image kb-image4017_a563ae-5b kb-image-is-ratio-size\"><div class=\"kb-is-ratio-image kb-image-ratio-square\"><img loading=\"lazy\" decoding=\"async\" width=\"2560\" height=\"1707\" src=\"https:\/\/kainuunravirata.fi\/wp-content\/uploads\/2024\/05\/Toimistorakennus-scaled.jpg\" class=\"kb-img wp-image-4018\" srcset=\"https:\/\/kainuunravirata.fi\/wp-content\/uploads\/2024\/05\/Toimistorakennus-scaled.jpg 2560w, https:\/\/kainuunravirata.fi\/wp-content\/uploads\/2024\/05\/Toimistorakennus-scaled-600x400.jpg 600w, https:\/\/kainuunravirata.fi\/wp-content\/uploads\/2024\/05\/Toimistorakennus-scaled-300x200.jpg 300w, https:\/\/kainuunravirata.fi\/wp-content\/uploads\/2024\/05\/Toimistorakennus-scaled-1024x683.jpg 1024w, https:\/\/kainuunravirata.fi\/wp-content\/uploads\/2024\/05\/Toimistorakennus-768x512.jpg 768w, https:\/\/kainuunravirata.fi\/wp-content\/uploads\/2024\/05\/Toimistorakennus-scaled-1536x1024.jpg 1536w, https:\/\/kainuunravirata.fi\/wp-content\/uploads\/2024\/05\/Toimistorakennus-scaled-2048x1366.jpg 2048w\" sizes=\"(max-width: 2560px) 100vw, 2560px\" \/><\/div><\/figure>\n<\/div><\/div>\n\n\n<style>.kadence-column4017_36bb80-49 > .kt-inside-inner-col{display:flex;}.kadence-column4017_36bb80-49 > .kt-inside-inner-col,.kadence-column4017_36bb80-49 > .kt-inside-inner-col:before{border-top-left-radius:0px;border-top-right-radius:0px;border-bottom-right-radius:0px;border-bottom-left-radius:0px;}.kadence-column4017_36bb80-49 > .kt-inside-inner-col{column-gap:var(--global-kb-gap-sm, 1rem);}.kadence-column4017_36bb80-49 > .kt-inside-inner-col{flex-direction:column;justify-content:center;}.kadence-column4017_36bb80-49 > .kt-inside-inner-col > .aligncenter{width:100%;}.kt-row-column-wrap > .kadence-column4017_36bb80-49{align-self:center;}.kt-inner-column-height-full:not(.kt-has-1-columns) > .wp-block-kadence-column.kadence-column4017_36bb80-49{align-self:auto;}.kt-inner-column-height-full:not(.kt-has-1-columns) > .wp-block-kadence-column.kadence-column4017_36bb80-49 > .kt-inside-inner-col{flex-direction:column;justify-content:center;}.kadence-column4017_36bb80-49 > .kt-inside-inner-col:before{opacity:0.3;}.kadence-column4017_36bb80-49{text-align:left;}.kadence-column4017_36bb80-49{position:relative;}@media all and (max-width: 1024px){.kadence-column4017_36bb80-49 > .kt-inside-inner-col{padding-top:0px;padding-right:0px;padding-bottom:0px;padding-left:0px;flex-direction:column;}}@media all and (max-width: 1024px){.kt-row-column-wrap > .kadence-column4017_36bb80-49{align-self:center;}}@media all and (max-width: 1024px){.kt-inner-column-height-full:not(.kt-has-1-columns) > .wp-block-kadence-column.kadence-column4017_36bb80-49{align-self:auto;}}@media all and (max-width: 1024px){.kt-inner-column-height-full:not(.kt-has-1-columns) > .wp-block-kadence-column.kadence-column4017_36bb80-49 > .kt-inside-inner-col{flex-direction:column;justify-content:center;}}@media all and (max-width: 767px){.kt-row-column-wrap > .kadence-column4017_36bb80-49{align-self:center;}.kt-inner-column-height-full:not(.kt-has-1-columns) > .wp-block-kadence-column.kadence-column4017_36bb80-49{align-self:auto;}.kt-inner-column-height-full:not(.kt-has-1-columns) > .wp-block-kadence-column.kadence-column4017_36bb80-49 > .kt-inside-inner-col{flex-direction:column;justify-content:center;}.kadence-column4017_36bb80-49 > .kt-inside-inner-col{flex-direction:column;}}<\/style>\n<div class=\"wp-block-kadence-column kadence-column4017_36bb80-49 kb-section-dir-vertical inner-column-1\"><div class=\"kt-inside-inner-col\"><style>.wp-block-kadence-advancedheading.kt-adv-heading4017_a86341-4a, .wp-block-kadence-advancedheading.kt-adv-heading4017_a86341-4a[data-kb-block=\"kb-adv-heading4017_a86341-4a\"]{font-size:var(--global-kb-font-size-lg, 2rem);line-height:1.2;font-style:normal;}.wp-block-kadence-advancedheading.kt-adv-heading4017_a86341-4a mark.kt-highlight, .wp-block-kadence-advancedheading.kt-adv-heading4017_a86341-4a[data-kb-block=\"kb-adv-heading4017_a86341-4a\"] mark.kt-highlight{font-style:normal;color:#f76a0c;-webkit-box-decoration-break:clone;box-decoration-break:clone;padding-top:0px;padding-right:0px;padding-bottom:0px;padding-left:0px;}<\/style>\n<h2 class=\"kt-adv-heading4017_a86341-4a wp-block-kadence-advancedheading has-theme-palette-3-color has-text-color\" data-kb-block=\"kb-adv-heading4017_a86341-4a\">Rippijuhlat, per\u00e4konttikirppis, koiran\u00e4yttelyt?<\/h2>\n\n\n<style>.wp-block-kadence-advancedheading.kt-adv-heading4017_11014c-b4, .wp-block-kadence-advancedheading.kt-adv-heading4017_11014c-b4[data-kb-block=\"kb-adv-heading4017_11014c-b4\"]{margin-bottom:var(--global-kb-spacing-sm, 1.5rem);font-style:normal;}.wp-block-kadence-advancedheading.kt-adv-heading4017_11014c-b4 mark.kt-highlight, .wp-block-kadence-advancedheading.kt-adv-heading4017_11014c-b4[data-kb-block=\"kb-adv-heading4017_11014c-b4\"] mark.kt-highlight{font-style:normal;color:#f76a0c;-webkit-box-decoration-break:clone;box-decoration-break:clone;padding-top:0px;padding-right:0px;padding-bottom:0px;padding-left:0px;}<\/style>\n<p class=\"kt-adv-heading4017_11014c-b4 wp-block-kadence-advancedheading has-theme-palette-3-color has-text-color\" data-kb-block=\"kb-adv-heading4017_11014c-b4\">Kainuun Raviradalla, Kajaanin Kuluntalahdessa on mahdollista j\u00e4rjest\u00e4\u00e4 esimerkiksi suurkirppiksi\u00e4, koiran\u00e4yttelyit\u00e4, keppihevoskilpailuja tai vaikka rippijuhlia. Kerro rohkeasti toiveistasi, niin katsotaan mit\u00e4 saadaan aikaan!<\/p>\n<\/div><\/div>\n\n<\/div><\/div>","protected":false},"excerpt":{"rendered":"<p>Etsitk\u00f6 vuokratilaa Kainuussa? Ravirataa on mahdollista vuokrata my\u00f6s muita tapahtumia varten. Meilt\u00e4 l\u00f6yd\u00e4t kaviouran lis\u00e4ksi mm. kokoustilat, suuret pys\u00e4k\u00f6intitilat sek\u00e4 100 x 60 m ratsastuskent\u00e4n. Rippijuhlat, per\u00e4konttikirppis, koiran\u00e4yttelyt? Kainuun Raviradalla,&#8230;<\/p>\n","protected":false},"author":1,"featured_media":0,"parent":0,"menu_order":0,"comment_status":"closed","ping_status":"closed","template":"","meta":{"give_campaign_id":0,"_price":"","_stock":"","_tribe_ticket_header":"","_tribe_default_ticket_provider":"","_tribe_ticket_capacity":"0","_ticket_start_date":"","_ticket_end_date":"","_tribe_ticket_show_description":"","_tribe_ticket_show_not_going":false,"_tribe_ticket_use_global_stock":"","_tribe_ticket_global_stock_level":"","_global_stock_mode":"","_global_stock_cap":"","_tribe_rsvp_for_event":"","_tribe_ticket_going_count":"","_tribe_ticket_not_going_count":"","_tribe_tickets_list":"[]","_tribe_ticket_has_attendee_info_fields":false,"_EventAllDay":false,"_EventTimezone":"","_EventStartDate":"","_EventEndDate":"","_EventStartDateUTC":"","_EventEndDateUTC":"","_EventShowMap":false,"_EventShowMapLink":false,"_EventURL":"","_EventCost":"","_EventCostDescription":"","_EventCurrencySymbol":"","_EventCurrencyCode":"","_EventCurrencyPosition":"","_EventDateTimeSeparator":"","_EventTimeRangeSeparator":"","_EventOrganizerID":[],"_EventVenueID":[],"_OrganizerEmail":"","_OrganizerPhone":"","_OrganizerWebsite":"","_VenueAddress":"","_VenueCity":"","_VenueCountry":"","_VenueProvince":"","_VenueState":"","_VenueZip":"","_VenuePhone":"","_VenueURL":"","_VenueStateProvince":"","_VenueLat":"","_VenueLng":"","_VenueShowMap":false,"_VenueShowMapLink":false,"_kadence_starter_templates_imported_post":false,"_kad_post_transparent":"","_kad_post_title":"","_kad_post_layout":"","_kad_post_sidebar_id":"","_kad_post_content_style":"","_kad_post_vertical_padding":"","_kad_post_feature":"","_kad_post_feature_position":"","_kad_post_header":false,"_kad_post_footer":false,"footnotes":"","_tec_slr_enabled":"","_tec_slr_layout":""},"campaignId":"","ticketed":false,"_links":{"self":[{"href":"https:\/\/kainuunravirata.fi\/index.php?rest_route=\/wp\/v2\/pages\/4017"}],"collection":[{"href":"https:\/\/kainuunravirata.fi\/index.php?rest_route=\/wp\/v2\/pages"}],"about":[{"href":"https:\/\/kainuunravirata.fi\/index.php?rest_route=\/wp\/v2\/types\/page"}],"author":[{"embeddable":true,"href":"https:\/\/kainuunravirata.fi\/index.php?rest_route=\/wp\/v2\/users\/1"}],"replies":[{"embeddable":true,"href":"https:\/\/kainuunravirata.fi\/index.php?rest_route=%2Fwp%2Fv2%2Fcomments&post=4017"}],"version-history":[{"count":1,"href":"https:\/\/kainuunravirata.fi\/index.php?rest_route=\/wp\/v2\/pages\/4017\/revisions"}],"predecessor-version":[{"id":4019,"href":"https:\/\/kainuunravirata.fi\/index.php?rest_route=\/wp\/v2\/pages\/4017\/revisions\/4019"}],"wp:attachment":[{"href":"https:\/\/kainuunravirata.fi\/index.php?rest_route=%2Fwp%2Fv2%2Fmedia&parent=4017"}],"curies":[{"name":"wp","href":"https:\/\/api.w.org\/{rel}","templated":true}]}}