{"id":4033,"date":"2024-05-07T21:29:01","date_gmt":"2024-05-07T18:29:01","guid":{"rendered":"https:\/\/kainuunravirata.fi\/?page_id=4033"},"modified":"2024-05-07T21:29:01","modified_gmt":"2024-05-07T18:29:01","slug":"raviurheilun-abc","status":"publish","type":"page","link":"https:\/\/kainuunravirata.fi\/?page_id=4033","title":{"rendered":"Raviurheilun ABC"},"content":{"rendered":"<style>.kb-row-layout-id4033_5cd099-bc > .kt-row-column-wrap{align-content:start;}:where(.kb-row-layout-id4033_5cd099-bc > .kt-row-column-wrap) > .wp-block-kadence-column{justify-content:start;}.kb-row-layout-id4033_5cd099-bc > .kt-row-column-wrap{column-gap:var(--global-kb-gap-none, 0rem );row-gap:var(--global-kb-gap-md, 2rem);max-width:var( --global-content-width, 1290px );padding-left:var(--global-content-edge-padding);padding-right:var(--global-content-edge-padding);padding-top:var(--global-kb-spacing-md, 2rem);padding-bottom:var(--global-kb-spacing-md, 2rem);grid-template-columns:minmax(0, calc(50% - ((var(--global-kb-gap-none, 0rem ) * 1 )\/2)))minmax(0, calc(50% - ((var(--global-kb-gap-none, 0rem ) * 1 )\/2)));}.kb-row-layout-id4033_5cd099-bc{background-image:url('https:\/\/kainuunravirata.fi\/wp-content\/uploads\/2024\/05\/DSC_4016-scaled.jpg');background-size:cover;background-position:50% 50%;background-attachment:scroll;background-repeat:no-repeat;}.kb-row-layout-id4033_5cd099-bc > .kt-row-layout-overlay{opacity:0.30;}@media all and (max-width: 1024px){.kb-row-layout-id4033_5cd099-bc > .kt-row-column-wrap{column-gap:var(--global-kb-gap-none, 0rem );grid-template-columns:minmax(0, 1fr);}}@media all and (max-width: 767px){.kb-row-layout-id4033_5cd099-bc > .kt-row-column-wrap{grid-template-columns:minmax(0, 1fr);}}<\/style><div class=\"kb-row-layout-wrap kb-row-layout-id4033_5cd099-bc alignfull kt-row-has-bg wp-block-kadence-rowlayout\"><div class=\"kt-row-column-wrap kt-has-2-columns kt-row-layout-equal kt-tab-layout-row kt-mobile-layout-row kt-row-valign-top kb-theme-content-width\">\n<style>.kadence-column4033_b8c330-69 > .kt-inside-inner-col{display:flex;}.kadence-column4033_b8c330-69 > .kt-inside-inner-col{padding-top:var(--global-kb-spacing-xl, 4rem);padding-right:var(--global-kb-spacing-xxl, 5rem);padding-bottom:var(--global-kb-spacing-xl, 4rem);padding-left:var(--global-kb-spacing-xxl, 5rem);}.kadence-column4033_b8c330-69 > .kt-inside-inner-col,.kadence-column4033_b8c330-69 > .kt-inside-inner-col:before{border-top-left-radius:0px;border-top-right-radius:0px;border-bottom-right-radius:0px;border-bottom-left-radius:0px;}.kadence-column4033_b8c330-69 > .kt-inside-inner-col{column-gap:var(--global-kb-gap-sm, 1rem);}.kadence-column4033_b8c330-69 > .kt-inside-inner-col{flex-direction:column;justify-content:flex-start;}.kadence-column4033_b8c330-69 > .kt-inside-inner-col > .aligncenter{width:100%;}.kt-row-column-wrap > .kadence-column4033_b8c330-69{align-self:flex-start;}.kt-inner-column-height-full:not(.kt-has-1-columns) > .wp-block-kadence-column.kadence-column4033_b8c330-69{align-self:auto;}.kt-inner-column-height-full:not(.kt-has-1-columns) > .wp-block-kadence-column.kadence-column4033_b8c330-69 > .kt-inside-inner-col{flex-direction:column;justify-content:flex-start;}.kadence-column4033_b8c330-69 > .kt-inside-inner-col{background-color:var(--global-palette9, #ffffff);}.kadence-column4033_b8c330-69 > .kt-inside-inner-col:before{opacity:0.3;}.kadence-column4033_b8c330-69{text-align:left;}.kadence-column4033_b8c330-69{position:relative;}@media all and (max-width: 1024px){.kadence-column4033_b8c330-69 > .kt-inside-inner-col{padding-top:var(--global-kb-spacing-xl, 4rem);padding-right:var(--global-kb-spacing-xl, 4rem);padding-bottom:var(--global-kb-spacing-lg, 3rem);padding-left:var(--global-kb-spacing-xl, 4rem);flex-direction:column;}}@media all and (max-width: 1024px){.kt-row-column-wrap > .kadence-column4033_b8c330-69{align-self:flex-start;}}@media all and (max-width: 1024px){.kt-inner-column-height-full:not(.kt-has-1-columns) > .wp-block-kadence-column.kadence-column4033_b8c330-69{align-self:auto;}}@media all and (max-width: 1024px){.kt-inner-column-height-full:not(.kt-has-1-columns) > .wp-block-kadence-column.kadence-column4033_b8c330-69 > .kt-inside-inner-col{flex-direction:column;justify-content:flex-start;}}@media all and (max-width: 767px){.kadence-column4033_b8c330-69 > .kt-inside-inner-col{padding-top:var(--global-kb-spacing-md, 2rem);padding-right:var(--global-kb-spacing-md, 2rem);padding-bottom:var(--global-kb-spacing-md, 2rem);padding-left:var(--global-kb-spacing-md, 2rem);flex-direction:column;}.kt-row-column-wrap > .kadence-column4033_b8c330-69{align-self:flex-start;}.kt-inner-column-height-full:not(.kt-has-1-columns) > .wp-block-kadence-column.kadence-column4033_b8c330-69{align-self:auto;}.kt-inner-column-height-full:not(.kt-has-1-columns) > .wp-block-kadence-column.kadence-column4033_b8c330-69 > .kt-inside-inner-col{flex-direction:column;justify-content:flex-start;}}<\/style>\n<div class=\"wp-block-kadence-column kadence-column4033_b8c330-69 kb-section-dir-vertical inner-column-1\"><div class=\"kt-inside-inner-col\"><style>.wp-block-kadence-advancedheading.kt-adv-heading4033_39373f-54, .wp-block-kadence-advancedheading.kt-adv-heading4033_39373f-54[data-kb-block=\"kb-adv-heading4033_39373f-54\"]{font-size:var(--global-kb-font-size-lg, 2rem);line-height:1.2;font-style:normal;}.wp-block-kadence-advancedheading.kt-adv-heading4033_39373f-54 mark.kt-highlight, .wp-block-kadence-advancedheading.kt-adv-heading4033_39373f-54[data-kb-block=\"kb-adv-heading4033_39373f-54\"] mark.kt-highlight{font-style:normal;color:#f76a0c;-webkit-box-decoration-break:clone;box-decoration-break:clone;padding-top:0px;padding-right:0px;padding-bottom:0px;padding-left:0px;}<\/style>\n<h2 class=\"kt-adv-heading4033_39373f-54 wp-block-kadence-advancedheading has-theme-palette-3-color has-text-color\" data-kb-block=\"kb-adv-heading4033_39373f-54\">Raviurheilun lyhyt oppim\u00e4\u00e4r\u00e4<\/h2>\n\n\n<style>.wp-block-kadence-advancedheading.kt-adv-heading4033_f4014f-55, .wp-block-kadence-advancedheading.kt-adv-heading4033_f4014f-55[data-kb-block=\"kb-adv-heading4033_f4014f-55\"]{margin-bottom:var(--global-kb-spacing-sm, 1.5rem);font-style:normal;}.wp-block-kadence-advancedheading.kt-adv-heading4033_f4014f-55 mark.kt-highlight, .wp-block-kadence-advancedheading.kt-adv-heading4033_f4014f-55[data-kb-block=\"kb-adv-heading4033_f4014f-55\"] mark.kt-highlight{font-style:normal;color:#f76a0c;-webkit-box-decoration-break:clone;box-decoration-break:clone;padding-top:0px;padding-right:0px;padding-bottom:0px;padding-left:0px;}<\/style>\n<p class=\"kt-adv-heading4033_f4014f-55 wp-block-kadence-advancedheading has-theme-palette-3-color has-text-color\" data-kb-block=\"kb-adv-heading4033_f4014f-55\">Olemme koonneet alle raviurheilun ABC:n lyhyen oppim\u00e4\u00e4r\u00e4n. Yksityiskohtaisempaa infoa urheilulajista l\u00f6yd\u00e4t valtakunnallisen keskusj\u00e4rjest\u00f6n sivuilta <a href=\"https:\/\/www.hippos.fi\/raviurheilu\/raviurheilu-lajina\/\" target=\"_blank\" rel=\"noreferrer noopener\">Suomen Hippos ry<\/a> ja pelaamisesta <a href=\"http:\/\/veikkaus.fi\">Veikkaus.<\/a><a href=\"http:\/\/veikkaus.fi\" target=\"_blank\" rel=\"noreferrer noopener\">fi<\/a><\/p>\n<\/div><\/div>\n\n\n<style>.kadence-column4033_671530-17 > .kt-inside-inner-col{padding-top:0px;padding-right:0px;padding-bottom:0px;padding-left:0px;}.kadence-column4033_671530-17 > .kt-inside-inner-col,.kadence-column4033_671530-17 > .kt-inside-inner-col:before{border-top-left-radius:0px;border-top-right-radius:0px;border-bottom-right-radius:0px;border-bottom-left-radius:0px;}.kadence-column4033_671530-17 > .kt-inside-inner-col{column-gap:var(--global-kb-gap-sm, 1rem);}.kadence-column4033_671530-17 > .kt-inside-inner-col{flex-direction:column;}.kadence-column4033_671530-17 > .kt-inside-inner-col > .aligncenter{width:100%;}.kadence-column4033_671530-17 > .kt-inside-inner-col:before{opacity:0.3;}.kadence-column4033_671530-17{position:relative;}@media all and (max-width: 1024px){.kadence-column4033_671530-17 > .kt-inside-inner-col{padding-top:0px;padding-right:0px;padding-bottom:0px;padding-left:0px;flex-direction:column;}}@media all and (max-width: 767px){.kadence-column4033_671530-17 > .kt-inside-inner-col{padding-top:0px;padding-right:0px;padding-bottom:0px;padding-left:0px;flex-direction:column;}}<\/style>\n<div class=\"wp-block-kadence-column kadence-column4033_671530-17 kvs-sm-false inner-column-2\"><div class=\"kt-inside-inner-col\"><\/div><\/div>\n\n<\/div><\/div>\n\n\n<p><strong>A.<\/strong> Ravil\u00e4ht\u00f6j\u00e4 ajetaan raveissa keskim\u00e4\u00e4rin 10 kpl. Ajallisesti l\u00e4ht\u00f6j\u00e4 ajetaan 3-4 kpl tunnissa.<\/p>\n\n\n\n<p><strong>B.<\/strong> Raveissa kilpailee kaksi rotua: l\u00e4mminveriset ja kylm\u00e4veriset. My\u00f6s ponil\u00e4ht\u00f6j\u00e4 ajetaan useissa raveissa, p\u00e4\u00e4s\u00e4\u00e4nt\u00f6isesti ravien alussa. Poneja on kahta kokolajia A ja B (pienemm\u00e4t ja isommat). Ponil\u00e4ht\u00f6ihin ei voi pelata.<\/p>\n\n\n\n<p><strong>C.<\/strong> L\u00e4ht\u00f6j\u00e4 ajetaan joko tasoitusajona tai autol\u00e4ht\u00f6n\u00e4. Tasoitusajossa hevoset volttaavat, eli py\u00f6riv\u00e4t rinki\u00e4 l\u00e4ht\u00f6paikan m\u00e4\u00e4r\u00e4\u00e4m\u00e4ss\u00e4 kohdassa ja startti l\u00e4htee \u201daja\u201d -komennolla.&nbsp; Hevoset kilpailevat voittosummansa tai enn\u00e4tyksens\u00e4 mukaisessa l\u00e4hd\u00f6ss\u00e4 ja volttil\u00e4hd\u00f6iss\u00e4 ns. kovemmat hevoset l\u00e4htev\u00e4t hieman pidemmilt\u00e4 matkoilta.<\/p>\n\n\n\n<p><strong>D. <\/strong>Ravikilpailuja j\u00e4rjestet\u00e4\u00e4n l\u00e4hes jokaisena vuoden p\u00e4iv\u00e4n\u00e4. Arkisin kilpaillaan ilta-aikoina, ja viikon suuripalkintoisimmat ravit ajetaan yleens\u00e4 keskiviikkoisin ja lauantaisin.<\/p>\n\n\n\n<p><strong>E.<\/strong> Raveihin voi pelata pienill\u00e4kin panoksilla, esimerkiksi troikassa panos on 0,5 \u20ac<\/p>\n\n\n\n<p><strong>F. <\/strong>Ravipelej\u00e4 voi pelata helpostikin. Esimerkiksi voittaja-peliss\u00e4 arvaat vain l\u00e4hd\u00f6n voittajahevosen, ja t\u00e4ss\u00e4kin panos pienimmill\u00e4\u00e4n 1 \u20ac<\/p>\n\n\n\n<p><strong>G.<\/strong> Raviohjastajat ovat kurssin k\u00e4yneit\u00e4 henkil\u00f6it\u00e4, eli kuka tahansa ei voi hyp\u00e4t\u00e4 hevosen k\u00e4rryille kilpailuissa. Ohjastajilla ja hevosilla on my\u00f6s pakolliset vakuutukset ja lisenssit.<\/p>\n\n\n\n<p><strong>H. <\/strong>Ravihevosen omistajaksi p\u00e4\u00e4see nykyisin helposti, porukkaomistajuus kasvattaa suosiotaan koko ajan. Yksinkertaisimmillaan maksat vain pienen kertamaksun ja voit ryhty\u00e4 j\u00e4nnitt\u00e4m\u00e4\u00e4n omistamasi hevosen edesottamuksia.<\/p>\n\n\n\n<p>Toivotamme j\u00e4nnitt\u00e4vi\u00e4 hetki\u00e4 uljaiden hevosurheilijoiden parissa!<\/p>\n\n\n<style>.kb-row-layout-id4033_b20590-14 > .kt-row-column-wrap{align-content:start;}:where(.kb-row-layout-id4033_b20590-14 > .kt-row-column-wrap) > .wp-block-kadence-column{justify-content:start;}.kb-row-layout-id4033_b20590-14 > .kt-row-column-wrap{column-gap:var(--global-kb-gap-md, 2rem);row-gap:var(--global-kb-gap-md, 2rem);padding-top:var(--global-kb-spacing-sm, 1.5rem);padding-bottom:var(--global-kb-spacing-sm, 1.5rem);grid-template-columns:repeat(2, minmax(0, 1fr));}.kb-row-layout-id4033_b20590-14 > .kt-row-layout-overlay{opacity:0.30;}@media all and (max-width: 1024px){.kb-row-layout-id4033_b20590-14 > .kt-row-column-wrap{grid-template-columns:repeat(2, minmax(0, 1fr));}}@media all and (max-width: 767px){.kb-row-layout-id4033_b20590-14 > .kt-row-column-wrap{grid-template-columns:minmax(0, 1fr);}}<\/style><div class=\"kb-row-layout-wrap kb-row-layout-id4033_b20590-14 alignnone wp-block-kadence-rowlayout\"><div class=\"kt-row-column-wrap kt-has-2-columns kt-row-layout-equal kt-tab-layout-inherit kt-mobile-layout-row kt-row-valign-top\">\n<style>.kadence-column4033_aa5a1d-72 > .kt-inside-inner-col,.kadence-column4033_aa5a1d-72 > .kt-inside-inner-col:before{border-top-left-radius:0px;border-top-right-radius:0px;border-bottom-right-radius:0px;border-bottom-left-radius:0px;}.kadence-column4033_aa5a1d-72 > .kt-inside-inner-col{column-gap:var(--global-kb-gap-sm, 1rem);}.kadence-column4033_aa5a1d-72 > .kt-inside-inner-col{flex-direction:column;}.kadence-column4033_aa5a1d-72 > .kt-inside-inner-col > .aligncenter{width:100%;}.kadence-column4033_aa5a1d-72 > .kt-inside-inner-col:before{opacity:0.3;}.kadence-column4033_aa5a1d-72{position:relative;}@media all and (max-width: 1024px){.kadence-column4033_aa5a1d-72 > .kt-inside-inner-col{flex-direction:column;}}@media all and (max-width: 767px){.kadence-column4033_aa5a1d-72 > .kt-inside-inner-col{flex-direction:column;}}<\/style>\n<div class=\"wp-block-kadence-column kadence-column4033_aa5a1d-72\"><div class=\"kt-inside-inner-col\"><style>.kb-image4033_5cff71-f9 .kb-image-has-overlay:after{opacity:0.3;}<\/style>\n<figure class=\"wp-block-kadence-image kb-image4033_5cff71-f9 size-large\"><a href=\"https:\/\/kainuunravirata.fi\/wp-content\/uploads\/2016\/03\/valjakko1.jpg\" class=\"kb-advanced-image-link\"><img loading=\"lazy\" decoding=\"async\" width=\"1024\" height=\"683\" src=\"https:\/\/kainuunravirata.fi\/wp-content\/uploads\/2016\/03\/valjakko1-1024x683.jpg\" alt=\"\" class=\"kb-img wp-image-933\" srcset=\"https:\/\/kainuunravirata.fi\/wp-content\/uploads\/2016\/03\/valjakko1-1024x683.jpg 1024w, https:\/\/kainuunravirata.fi\/wp-content\/uploads\/2016\/03\/valjakko1-600x400.jpg 600w, https:\/\/kainuunravirata.fi\/wp-content\/uploads\/2016\/03\/valjakko1-300x200.jpg 300w, https:\/\/kainuunravirata.fi\/wp-content\/uploads\/2016\/03\/valjakko1-660x440.jpg 660w, https:\/\/kainuunravirata.fi\/wp-content\/uploads\/2016\/03\/valjakko1-1000x667.jpg 1000w, https:\/\/kainuunravirata.fi\/wp-content\/uploads\/2016\/03\/valjakko1.jpg 1619w\" sizes=\"(max-width: 1024px) 100vw, 1024px\" \/><\/a><\/figure>\n<\/div><\/div>\n\n\n<style>.kadence-column4033_369c30-00 > .kt-inside-inner-col,.kadence-column4033_369c30-00 > .kt-inside-inner-col:before{border-top-left-radius:0px;border-top-right-radius:0px;border-bottom-right-radius:0px;border-bottom-left-radius:0px;}.kadence-column4033_369c30-00 > .kt-inside-inner-col{column-gap:var(--global-kb-gap-sm, 1rem);}.kadence-column4033_369c30-00 > .kt-inside-inner-col{flex-direction:column;}.kadence-column4033_369c30-00 > .kt-inside-inner-col > .aligncenter{width:100%;}.kadence-column4033_369c30-00 > .kt-inside-inner-col:before{opacity:0.3;}.kadence-column4033_369c30-00{position:relative;}@media all and (max-width: 1024px){.kadence-column4033_369c30-00 > .kt-inside-inner-col{flex-direction:column;}}@media all and (max-width: 767px){.kadence-column4033_369c30-00 > .kt-inside-inner-col{flex-direction:column;}}<\/style>\n<div class=\"wp-block-kadence-column kadence-column4033_369c30-00\"><div class=\"kt-inside-inner-col\"><style>.wp-block-kadence-advancedheading.kt-adv-heading4033_338022-e6, .wp-block-kadence-advancedheading.kt-adv-heading4033_338022-e6[data-kb-block=\"kb-adv-heading4033_338022-e6\"]{font-style:normal;}.wp-block-kadence-advancedheading.kt-adv-heading4033_338022-e6 mark.kt-highlight, .wp-block-kadence-advancedheading.kt-adv-heading4033_338022-e6[data-kb-block=\"kb-adv-heading4033_338022-e6\"] mark.kt-highlight{font-style:normal;color:#f76a0c;-webkit-box-decoration-break:clone;box-decoration-break:clone;padding-top:0px;padding-right:0px;padding-bottom:0px;padding-left:0px;}<\/style>\n<h2 class=\"kt-adv-heading4033_338022-e6 wp-block-kadence-advancedheading\" data-kb-block=\"kb-adv-heading4033_338022-e6\">Voit olla meihin yhteydess\u00e4, jos\u2026<\/h2>\n\n\n\n<p>\u2013 haluat perehty\u00e4 pelaamiseen<\/p>\n\n\n\n<p>\u2013 olet kiinnostunut opastetusta varikkok\u00e4ynnist\u00e4<\/p>\n\n\n\n<p>\u2013 sinulla j\u00e4\u00e4 kysytt\u00e4v\u00e4\u00e4 raviurheiluun tai radan toimintaan liittyen<\/p>\n<\/div><\/div>\n\n<\/div><\/div>","protected":false},"excerpt":{"rendered":"<p>Raviurheilun lyhyt oppim\u00e4\u00e4r\u00e4 Olemme koonneet alle raviurheilun ABC:n lyhyen oppim\u00e4\u00e4r\u00e4n. Yksityiskohtaisempaa infoa urheilulajista l\u00f6yd\u00e4t valtakunnallisen keskusj\u00e4rjest\u00f6n sivuilta Suomen Hippos ry ja pelaamisesta Veikkaus.fi A. Ravil\u00e4ht\u00f6j\u00e4 ajetaan raveissa keskim\u00e4\u00e4rin 10 kpl&#8230;.<\/p>\n","protected":false},"author":1,"featured_media":0,"parent":0,"menu_order":0,"comment_status":"closed","ping_status":"closed","template":"","meta":{"give_campaign_id":0,"_price":"","_stock":"","_tribe_ticket_header":"","_tribe_default_ticket_provider":"","_tribe_ticket_capacity":"0","_ticket_start_date":"","_ticket_end_date":"","_tribe_ticket_show_description":"","_tribe_ticket_show_not_going":false,"_tribe_ticket_use_global_stock":"","_tribe_ticket_global_stock_level":"","_global_stock_mode":"","_global_stock_cap":"","_tribe_rsvp_for_event":"","_tribe_ticket_going_count":"","_tribe_ticket_not_going_count":"","_tribe_tickets_list":"[]","_tribe_ticket_has_attendee_info_fields":false,"_EventAllDay":false,"_EventTimezone":"","_EventStartDate":"","_EventEndDate":"","_EventStartDateUTC":"","_EventEndDateUTC":"","_EventShowMap":false,"_EventShowMapLink":false,"_EventURL":"","_EventCost":"","_EventCostDescription":"","_EventCurrencySymbol":"","_EventCurrencyCode":"","_EventCurrencyPosition":"","_EventDateTimeSeparator":"","_EventTimeRangeSeparator":"","_EventOrganizerID":[],"_EventVenueID":[0],"_OrganizerEmail":"","_OrganizerPhone":"","_OrganizerWebsite":"","_VenueAddress":"","_VenueCity":"","_VenueCountry":"","_VenueProvince":"","_VenueState":"","_VenueZip":"","_VenuePhone":"","_VenueURL":"","_VenueStateProvince":"","_VenueLat":"","_VenueLng":"","_VenueShowMap":false,"_VenueShowMapLink":false,"_kadence_starter_templates_imported_post":false,"_kad_post_transparent":"","_kad_post_title":"","_kad_post_layout":"narrow","_kad_post_sidebar_id":"","_kad_post_content_style":"","_kad_post_vertical_padding":"","_kad_post_feature":"","_kad_post_feature_position":"","_kad_post_header":false,"_kad_post_footer":false,"footnotes":"","_tec_slr_enabled":"","_tec_slr_layout":""},"campaignId":"","ticketed":false,"_links":{"self":[{"href":"https:\/\/kainuunravirata.fi\/index.php?rest_route=\/wp\/v2\/pages\/4033"}],"collection":[{"href":"https:\/\/kainuunravirata.fi\/index.php?rest_route=\/wp\/v2\/pages"}],"about":[{"href":"https:\/\/kainuunravirata.fi\/index.php?rest_route=\/wp\/v2\/types\/page"}],"author":[{"embeddable":true,"href":"https:\/\/kainuunravirata.fi\/index.php?rest_route=\/wp\/v2\/users\/1"}],"replies":[{"embeddable":true,"href":"https:\/\/kainuunravirata.fi\/index.php?rest_route=%2Fwp%2Fv2%2Fcomments&post=4033"}],"version-history":[{"count":1,"href":"https:\/\/kainuunravirata.fi\/index.php?rest_route=\/wp\/v2\/pages\/4033\/revisions"}],"predecessor-version":[{"id":4035,"href":"https:\/\/kainuunravirata.fi\/index.php?rest_route=\/wp\/v2\/pages\/4033\/revisions\/4035"}],"wp:attachment":[{"href":"https:\/\/kainuunravirata.fi\/index.php?rest_route=%2Fwp%2Fv2%2Fmedia&parent=4033"}],"curies":[{"name":"wp","href":"https:\/\/api.w.org\/{rel}","templated":true}]}}