{"id":4068,"date":"2024-05-08T10:11:46","date_gmt":"2024-05-08T07:11:46","guid":{"rendered":"https:\/\/kainuunravirata.fi\/?page_id=4068"},"modified":"2025-10-16T10:03:34","modified_gmt":"2025-10-16T07:03:34","slug":"kainuun-hevosjalostusliitto-ry","status":"publish","type":"page","link":"https:\/\/kainuunravirata.fi\/?page_id=4068","title":{"rendered":"Kainuun Hevosjalostusliitto ry"},"content":{"rendered":"<style>.kb-row-layout-id4068_617894-b1 > .kt-row-column-wrap{align-content:start;}:where(.kb-row-layout-id4068_617894-b1 > .kt-row-column-wrap) > .wp-block-kadence-column{justify-content:start;}.kb-row-layout-id4068_617894-b1 > .kt-row-column-wrap{column-gap:var(--global-kb-gap-none, 0rem );row-gap:var(--global-kb-gap-md, 2rem);max-width:var( --global-content-width, 1290px );padding-left:var(--global-content-edge-padding);padding-right:var(--global-content-edge-padding);padding-top:var(--global-kb-spacing-md, 2rem);padding-bottom:var(--global-kb-spacing-md, 2rem);grid-template-columns:minmax(0, calc(40% - ((var(--global-kb-gap-none, 0rem ) * 1 )\/2)))minmax(0, calc(60% - ((var(--global-kb-gap-none, 0rem ) * 1 )\/2)));}.kb-row-layout-id4068_617894-b1{background-image:url('https:\/\/kainuunravirata.fi\/wp-content\/uploads\/2024\/05\/WhatsApp-Kuva-2024-05-06-klo-11.52.30_d4408ec1.jpg');background-size:cover;background-position:50% 50%;background-attachment:scroll;background-repeat:no-repeat;}.kb-row-layout-id4068_617894-b1 > .kt-row-layout-overlay{opacity:0.30;}@media all and (max-width: 1024px){.kb-row-layout-id4068_617894-b1 > .kt-row-column-wrap{column-gap:var(--global-kb-gap-none, 0rem );grid-template-columns:minmax(0, 1fr);}}@media all and (max-width: 767px){.kb-row-layout-id4068_617894-b1 > .kt-row-column-wrap{grid-template-columns:minmax(0, 1fr);}}<\/style><div class=\"kb-row-layout-wrap kb-row-layout-id4068_617894-b1 alignfull kt-row-has-bg wp-block-kadence-rowlayout\"><div class=\"kt-row-column-wrap kt-has-2-columns kt-row-layout-equal kt-tab-layout-row kt-mobile-layout-row kt-row-valign-top kb-theme-content-width\">\n<style>.kadence-column4068_958163-0d > .kt-inside-inner-col{padding-top:0px;padding-right:0px;padding-bottom:0px;padding-left:0px;}.kadence-column4068_958163-0d > .kt-inside-inner-col,.kadence-column4068_958163-0d > .kt-inside-inner-col:before{border-top-left-radius:0px;border-top-right-radius:0px;border-bottom-right-radius:0px;border-bottom-left-radius:0px;}.kadence-column4068_958163-0d > .kt-inside-inner-col{column-gap:var(--global-kb-gap-sm, 1rem);}.kadence-column4068_958163-0d > .kt-inside-inner-col{flex-direction:column;}.kadence-column4068_958163-0d > .kt-inside-inner-col > .aligncenter{width:100%;}.kadence-column4068_958163-0d > .kt-inside-inner-col:before{opacity:0.3;}.kadence-column4068_958163-0d{position:relative;}@media all and (max-width: 1024px){.kadence-column4068_958163-0d > .kt-inside-inner-col{padding-top:0px;padding-right:0px;padding-bottom:0px;padding-left:0px;flex-direction:column;}}@media all and (max-width: 767px){.kadence-column4068_958163-0d > .kt-inside-inner-col{padding-top:0px;padding-right:0px;padding-bottom:0px;padding-left:0px;flex-direction:column;}}<\/style>\n<div class=\"wp-block-kadence-column kadence-column4068_958163-0d kvs-sm-false inner-column-2\"><div class=\"kt-inside-inner-col\"><\/div><\/div>\n\n\n<style>.kadence-column4068_5b7c53-6f > .kt-inside-inner-col{display:flex;}.kadence-column4068_5b7c53-6f > .kt-inside-inner-col{padding-top:var(--global-kb-spacing-xl, 4rem);padding-right:var(--global-kb-spacing-xxl, 5rem);padding-bottom:var(--global-kb-spacing-xl, 4rem);padding-left:var(--global-kb-spacing-xxl, 5rem);}.kadence-column4068_5b7c53-6f > .kt-inside-inner-col,.kadence-column4068_5b7c53-6f > .kt-inside-inner-col:before{border-top-left-radius:0px;border-top-right-radius:0px;border-bottom-right-radius:0px;border-bottom-left-radius:0px;}.kadence-column4068_5b7c53-6f > .kt-inside-inner-col{column-gap:var(--global-kb-gap-sm, 1rem);}.kadence-column4068_5b7c53-6f > .kt-inside-inner-col{flex-direction:column;justify-content:flex-start;}.kadence-column4068_5b7c53-6f > .kt-inside-inner-col > .aligncenter{width:100%;}.kt-row-column-wrap > .kadence-column4068_5b7c53-6f{align-self:flex-start;}.kt-inner-column-height-full:not(.kt-has-1-columns) > .wp-block-kadence-column.kadence-column4068_5b7c53-6f{align-self:auto;}.kt-inner-column-height-full:not(.kt-has-1-columns) > .wp-block-kadence-column.kadence-column4068_5b7c53-6f > .kt-inside-inner-col{flex-direction:column;justify-content:flex-start;}.kadence-column4068_5b7c53-6f > .kt-inside-inner-col{background-color:var(--global-palette9, #ffffff);}.kadence-column4068_5b7c53-6f > .kt-inside-inner-col:before{opacity:0.3;}.kadence-column4068_5b7c53-6f{text-align:left;}.kadence-column4068_5b7c53-6f{position:relative;}@media all and (max-width: 1024px){.kadence-column4068_5b7c53-6f > .kt-inside-inner-col{padding-top:var(--global-kb-spacing-xl, 4rem);padding-right:var(--global-kb-spacing-xl, 4rem);padding-bottom:var(--global-kb-spacing-lg, 3rem);padding-left:var(--global-kb-spacing-xl, 4rem);flex-direction:column;}}@media all and (max-width: 1024px){.kt-row-column-wrap > .kadence-column4068_5b7c53-6f{align-self:flex-start;}}@media all and (max-width: 1024px){.kt-inner-column-height-full:not(.kt-has-1-columns) > .wp-block-kadence-column.kadence-column4068_5b7c53-6f{align-self:auto;}}@media all and (max-width: 1024px){.kt-inner-column-height-full:not(.kt-has-1-columns) > .wp-block-kadence-column.kadence-column4068_5b7c53-6f > .kt-inside-inner-col{flex-direction:column;justify-content:flex-start;}}@media all and (max-width: 767px){.kadence-column4068_5b7c53-6f > .kt-inside-inner-col{padding-top:var(--global-kb-spacing-md, 2rem);padding-right:var(--global-kb-spacing-md, 2rem);padding-bottom:var(--global-kb-spacing-md, 2rem);padding-left:var(--global-kb-spacing-md, 2rem);flex-direction:column;}.kt-row-column-wrap > .kadence-column4068_5b7c53-6f{align-self:flex-start;}.kt-inner-column-height-full:not(.kt-has-1-columns) > .wp-block-kadence-column.kadence-column4068_5b7c53-6f{align-self:auto;}.kt-inner-column-height-full:not(.kt-has-1-columns) > .wp-block-kadence-column.kadence-column4068_5b7c53-6f > .kt-inside-inner-col{flex-direction:column;justify-content:flex-start;}}<\/style>\n<div class=\"wp-block-kadence-column kadence-column4068_5b7c53-6f kb-section-dir-vertical inner-column-1\"><div class=\"kt-inside-inner-col\">\n<p>Kainuun Hevosjalostusliitto ry j\u00e4rjest\u00e4\u00e4 Kainuun alueen tamma- ja varsan\u00e4yttelyit\u00e4. Syntyneiden varsojen ja tuontihevosten tunnistus tilataan oman alueen hevosjalostusliitosta. Hevosjalostusliittojen palvelut ja teht\u00e4v\u00e4t ovat mm.:<\/p>\n\n\n\n<ul>\n<li>Tunnistavat varsat ja id-varmentavat tuontihevoset<\/li>\n\n\n\n<li>K\u00e4yv\u00e4t kasvatustalleissa vuosittain<\/li>\n\n\n\n<li>Ker\u00e4\u00e4v\u00e4t oriiden astutustiedot ja tammojen varsomistiedot<\/li>\n\n\n\n<li>J\u00e4rjest\u00e4v\u00e4t hevosn\u00e4yttelyit\u00e4 ja antavat erikoisneuvontaa<\/li>\n\n\n\n<li>Palvelevat kasvattajia ja hevosenomistajia<\/li>\n\n\n\n<li>Yll\u00e4pit\u00e4v\u00e4t varsalaitumia<\/li>\n\n\n\n<li>Toimivat Suomen Hippoksen kentt\u00e4j\u00e4rjest\u00f6n\u00e4 ja verkkona<\/li>\n\n\n\n<li>Muodostavat kanavan kasvattajien ja keskusj\u00e4rjest\u00f6n v\u00e4lill\u00e4<\/li>\n\n\n\n<li>J\u00e4rjest\u00e4v\u00e4t hevosten hyvinvointia edist\u00e4vi\u00e4 kursseja<\/li>\n\n\n\n<li>J\u00e4rjest\u00e4v\u00e4t ajolupakursseja ja vastuuvalmentajakoulutusta<\/li>\n\n\n\n<li>Valvovat paikallis- ja harjoitusravitoimintaa<\/li>\n\n\n\n<li>Edustavat j\u00e4senist\u00f6\u00e4\u00e4n hevosorganisaatioissa<\/li>\n<\/ul>\n\n\n<style>.wp-block-kadence-advancedbtn.kb-btns4068_04a750-08{gap:var(--global-kb-gap-xs, 0.5rem );justify-content:flex-start;align-items:center;}.kt-btns4068_04a750-08 .kt-button{font-weight:normal;font-style:normal;}<\/style>\n<div class=\"wp-block-kadence-advancedbtn kb-buttons-wrap kb-btns4068_04a750-08\"><style>ul.menu .wp-block-kadence-advancedbtn .kb-btn4068_344c57-b6.kb-button{width:initial;}.wp-block-kadence-advancedbtn .kb-btn4068_344c57-b6.kb-button{border-top-left-radius:0px;border-top-right-radius:0px;border-bottom-right-radius:0px;border-bottom-left-radius:0px;border-top-color:var(--global-palette2, #2B6CB0);border-top-style:solid;border-right-color:var(--global-palette2, #2B6CB0);border-right-style:solid;border-bottom-color:var(--global-palette2, #2B6CB0);border-bottom-style:solid;border-left-color:var(--global-palette2, #2B6CB0);border-left-style:solid;}.wp-block-kadence-advancedbtn .kb-btn4068_344c57-b6.kb-button:hover, .wp-block-kadence-advancedbtn .kb-btn4068_344c57-b6.kb-button:focus{color:var(--global-palette9, #ffffff);background:var(--global-palette1, #3182CE);border-top-color:#444444;border-top-style:solid;border-right-color:#444444;border-right-style:solid;border-bottom-color:#444444;border-bottom-style:solid;border-left-color:#444444;border-left-style:solid;}@media all and (max-width: 1024px){.wp-block-kadence-advancedbtn .kb-btn4068_344c57-b6.kb-button{border-top-color:var(--global-palette2, #2B6CB0);border-top-style:solid;border-right-color:var(--global-palette2, #2B6CB0);border-right-style:solid;border-bottom-color:var(--global-palette2, #2B6CB0);border-bottom-style:solid;border-left-color:var(--global-palette2, #2B6CB0);border-left-style:solid;}}@media all and (max-width: 1024px){.wp-block-kadence-advancedbtn .kb-btn4068_344c57-b6.kb-button:hover, .wp-block-kadence-advancedbtn .kb-btn4068_344c57-b6.kb-button:focus{border-top-color:#444444;border-top-style:solid;border-right-color:#444444;border-right-style:solid;border-bottom-color:#444444;border-bottom-style:solid;border-left-color:#444444;border-left-style:solid;}}@media all and (max-width: 767px){.wp-block-kadence-advancedbtn .kb-btn4068_344c57-b6.kb-button{border-top-color:var(--global-palette2, #2B6CB0);border-top-style:solid;border-right-color:var(--global-palette2, #2B6CB0);border-right-style:solid;border-bottom-color:var(--global-palette2, #2B6CB0);border-bottom-style:solid;border-left-color:var(--global-palette2, #2B6CB0);border-left-style:solid;}.wp-block-kadence-advancedbtn .kb-btn4068_344c57-b6.kb-button:hover, .wp-block-kadence-advancedbtn .kb-btn4068_344c57-b6.kb-button:focus{border-top-color:#444444;border-top-style:solid;border-right-color:#444444;border-right-style:solid;border-bottom-color:#444444;border-bottom-style:solid;border-left-color:#444444;border-left-style:solid;}}<\/style><a class=\"kb-button kt-button button kb-btn4068_344c57-b6 kt-btn-size-standard kt-btn-width-type-auto kb-btn-global-inherit kt-btn-has-text-true kt-btn-has-svg-false wp-block-button__link wp-block-kadence-singlebtn\" href=\"https:\/\/www.facebook.com\/profile.php?id=100057634321600\" target=\"_blank\" rel=\"noreferrer noopener\"><span class=\"kt-btn-inner-text\">Liiton Facebookiin<\/span><\/a><\/div>\n<\/div><\/div>\n\n<\/div><\/div>\n\n<style>.kb-row-layout-id4068_41acf7-f5 > .kt-row-column-wrap{align-content:center;}:where(.kb-row-layout-id4068_41acf7-f5 > .kt-row-column-wrap) > .wp-block-kadence-column{justify-content:center;}.kb-row-layout-id4068_41acf7-f5 > .kt-row-column-wrap{column-gap:var(--global-kb-gap-lg, 4rem);row-gap:var(--global-kb-gap-md, 2rem);max-width:var( --global-content-width, 1290px );padding-left:var(--global-content-edge-padding);padding-right:var(--global-content-edge-padding);padding-top:var(--global-kb-spacing-xxl, 5rem);grid-template-columns:repeat(2, minmax(0, 1fr));}.kb-row-layout-id4068_41acf7-f5 > .kt-row-layout-overlay{opacity:0.30;}@media all and (max-width: 1024px){.kb-row-layout-id4068_41acf7-f5 > .kt-row-column-wrap{column-gap:var(--global-kb-gap-md, 2rem);padding-top:var(--global-kb-spacing-lg, 3rem);padding-right:var(--global-kb-spacing-lg, 3rem);padding-bottom:var(--global-kb-spacing-lg, 3rem);padding-left:var(--global-kb-spacing-lg, 3rem);grid-template-columns:minmax(0, 1fr);}}@media all and (max-width: 767px){.kb-row-layout-id4068_41acf7-f5 > .kt-row-column-wrap{grid-template-columns:minmax(0, 1fr);}}<\/style><div class=\"kb-row-layout-wrap kb-row-layout-id4068_41acf7-f5 alignfull has-theme-palette9-background-color kt-row-has-bg wp-block-kadence-rowlayout\"><div class=\"kt-row-column-wrap kt-has-2-columns kt-row-layout-equal kt-tab-layout-row kt-mobile-layout-row kt-row-valign-middle kb-theme-content-width\">\n<style>.kadence-column4068_f78b79-e4 > .kt-inside-inner-col,.kadence-column4068_f78b79-e4 > .kt-inside-inner-col:before{border-top-left-radius:0px;border-top-right-radius:0px;border-bottom-right-radius:0px;border-bottom-left-radius:0px;}.kadence-column4068_f78b79-e4 > .kt-inside-inner-col{column-gap:0px;}.kadence-column4068_f78b79-e4 > .kt-inside-inner-col{flex-direction:column;}.kadence-column4068_f78b79-e4 > .kt-inside-inner-col > .aligncenter{width:100%;}.kadence-column4068_f78b79-e4 > .kt-inside-inner-col:before{opacity:0.3;}.kadence-column4068_f78b79-e4{text-align:left;}.kadence-column4068_f78b79-e4{position:relative;}@media all and (max-width: 1024px){.kadence-column4068_f78b79-e4 > .kt-inside-inner-col{flex-direction:column;}}@media all and (max-width: 767px){.kadence-column4068_f78b79-e4 > .kt-inside-inner-col{flex-direction:column;}}<\/style>\n<div class=\"wp-block-kadence-column kadence-column4068_f78b79-e4 kb-section-dir-vertical inner-column-2\"><div class=\"kt-inside-inner-col\"><style>.kb-image4068_80801a-d3 .kb-image-has-overlay:after{opacity:0.3;}<\/style>\n<figure class=\"wp-block-kadence-image kb-image4068_80801a-d3\"><img loading=\"lazy\" decoding=\"async\" width=\"640\" height=\"439\" src=\"https:\/\/kainuunravirata.fi\/wp-content\/uploads\/2023\/02\/KHJL-LOGO-640x439.jpg\" alt=\"\" class=\"kb-img wp-image-2597\" srcset=\"https:\/\/kainuunravirata.fi\/wp-content\/uploads\/2023\/02\/KHJL-LOGO-640x439.jpg 640w, https:\/\/kainuunravirata.fi\/wp-content\/uploads\/2023\/02\/KHJL-LOGO-640x439-600x412.jpg 600w, https:\/\/kainuunravirata.fi\/wp-content\/uploads\/2023\/02\/KHJL-LOGO-640x439-300x206.jpg 300w\" sizes=\"(max-width: 640px) 100vw, 640px\" \/><\/figure>\n<\/div><\/div>\n\n\n<style>.kadence-column4068_85fca6-0f > .kt-inside-inner-col{display:flex;}.kadence-column4068_85fca6-0f > .kt-inside-inner-col,.kadence-column4068_85fca6-0f > .kt-inside-inner-col:before{border-top-left-radius:0px;border-top-right-radius:0px;border-bottom-right-radius:0px;border-bottom-left-radius:0px;}.kadence-column4068_85fca6-0f > .kt-inside-inner-col{column-gap:var(--global-kb-gap-sm, 1rem);}.kadence-column4068_85fca6-0f > .kt-inside-inner-col{flex-direction:column;justify-content:center;}.kadence-column4068_85fca6-0f > .kt-inside-inner-col > .aligncenter{width:100%;}.kt-row-column-wrap > .kadence-column4068_85fca6-0f{align-self:center;}.kt-inner-column-height-full:not(.kt-has-1-columns) > .wp-block-kadence-column.kadence-column4068_85fca6-0f{align-self:auto;}.kt-inner-column-height-full:not(.kt-has-1-columns) > .wp-block-kadence-column.kadence-column4068_85fca6-0f > .kt-inside-inner-col{flex-direction:column;justify-content:center;}.kadence-column4068_85fca6-0f > .kt-inside-inner-col:before{opacity:0.3;}.kadence-column4068_85fca6-0f{text-align:left;}.kadence-column4068_85fca6-0f{position:relative;}@media all and (max-width: 1024px){.kadence-column4068_85fca6-0f > .kt-inside-inner-col{padding-top:0px;padding-right:0px;padding-bottom:0px;padding-left:0px;flex-direction:column;}}@media all and (max-width: 1024px){.kt-row-column-wrap > .kadence-column4068_85fca6-0f{align-self:center;}}@media all and (max-width: 1024px){.kt-inner-column-height-full:not(.kt-has-1-columns) > .wp-block-kadence-column.kadence-column4068_85fca6-0f{align-self:auto;}}@media all and (max-width: 1024px){.kt-inner-column-height-full:not(.kt-has-1-columns) > .wp-block-kadence-column.kadence-column4068_85fca6-0f > .kt-inside-inner-col{flex-direction:column;justify-content:center;}}@media all and (max-width: 767px){.kt-row-column-wrap > .kadence-column4068_85fca6-0f{align-self:center;}.kt-inner-column-height-full:not(.kt-has-1-columns) > .wp-block-kadence-column.kadence-column4068_85fca6-0f{align-self:auto;}.kt-inner-column-height-full:not(.kt-has-1-columns) > .wp-block-kadence-column.kadence-column4068_85fca6-0f > .kt-inside-inner-col{flex-direction:column;justify-content:center;}.kadence-column4068_85fca6-0f > .kt-inside-inner-col{flex-direction:column;}}<\/style>\n<div class=\"wp-block-kadence-column kadence-column4068_85fca6-0f kb-section-dir-vertical inner-column-1\"><div class=\"kt-inside-inner-col\">\n<h2 class=\"wp-block-heading\">Liitossa toimii\u2026<\/h2>\n\n\n\n<p><strong>Toiminnanjohtaja: <\/strong>Marjukka Laulajainen<\/p>\n\n\n\n<p><strong>Puheenjohtaja: <\/strong>Johanna Leinonen<\/p>\n\n\n\n<p><strong>Johtokunta: <\/strong>Kimmo Oikarinen (VPJ), Hannu Juntunen, Tuulikki Eskelinen, Matti Heikkinen, Minna Oikarinen, Outi Heikkinen ja Seppo Sivonen<\/p>\n\n\n\n<p><strong>J\u00e4senseurat:<\/strong><\/p>\n\n\n\n<ul>\n<li>Suomussalmen Hevosyst\u00e4v\u00e4t ry<\/li>\n\n\n\n<li>Vuokatin Ratsastajat ry<\/li>\n\n\n\n<li>Kylm\u00e4n ratsastajat ry<\/li>\n\n\n\n<li>Kajaanin Ratsastusseura ry<\/li>\n\n\n\n<li>Paltamon Hevosyst\u00e4v\u00e4inseura ry<\/li>\n\n\n\n<li>Pro Riders Kainuu ry<\/li>\n\n\n\n<li>Kuhmon Hevosyst\u00e4v\u00e4inseura ry<\/li>\n<\/ul>\n<\/div><\/div>\n\n<\/div><\/div>\n\n<style>.wp-block-kadence-advancedheading.kt-adv-heading4068_7b073f-01, .wp-block-kadence-advancedheading.kt-adv-heading4068_7b073f-01[data-kb-block=\"kb-adv-heading4068_7b073f-01\"]{text-align:center;font-style:normal;}.wp-block-kadence-advancedheading.kt-adv-heading4068_7b073f-01 mark.kt-highlight, .wp-block-kadence-advancedheading.kt-adv-heading4068_7b073f-01[data-kb-block=\"kb-adv-heading4068_7b073f-01\"] mark.kt-highlight{font-style:normal;color:#f76a0c;-webkit-box-decoration-break:clone;box-decoration-break:clone;padding-top:0px;padding-right:0px;padding-bottom:0px;padding-left:0px;}<\/style>\n<h2 class=\"kt-adv-heading4068_7b073f-01 wp-block-kadence-advancedheading\" data-kb-block=\"kb-adv-heading4068_7b073f-01\">Yhteystiedot<\/h2>\n\n\n\n<p class=\"has-text-align-center\"><strong>044 361 7193 <\/strong><\/p>\n\n\n\n<p class=\"has-text-align-center\"><strong>Ravitie 48, 87950 Kuluntalahti<\/strong><\/p>\n\n\n\n<p class=\"has-text-align-center\"><strong>kainuunhevosjalostusliitto@gmail.com<\/strong><\/p>\n\n\n\n<p class=\"has-text-align-center\"><a href=\"https:\/\/hevosjalostusliitot.fi\/kainuu\/\" target=\"_blank\" rel=\"noreferrer noopener\"><strong>T\u00e4st\u00e4 liiton nettisivuille!<\/strong><\/a><\/p>\n","protected":false},"excerpt":{"rendered":"<p>Kainuun Hevosjalostusliitto ry j\u00e4rjest\u00e4\u00e4 Kainuun alueen tamma- ja varsan\u00e4yttelyit\u00e4. Syntyneiden varsojen ja tuontihevosten tunnistus tilataan oman alueen hevosjalostusliitosta. Hevosjalostusliittojen palvelut ja teht\u00e4v\u00e4t ovat mm.: Liitossa toimii\u2026 Toiminnanjohtaja: Marjukka Laulajainen Puheenjohtaja:&#8230;<\/p>\n","protected":false},"author":1,"featured_media":0,"parent":0,"menu_order":0,"comment_status":"closed","ping_status":"closed","template":"","meta":{"give_campaign_id":0,"_price":"","_stock":"","_tribe_ticket_header":"","_tribe_default_ticket_provider":"","_tribe_ticket_capacity":"0","_ticket_start_date":"","_ticket_end_date":"","_tribe_ticket_show_description":"","_tribe_ticket_show_not_going":false,"_tribe_ticket_use_global_stock":"","_tribe_ticket_global_stock_level":"","_global_stock_mode":"","_global_stock_cap":"","_tribe_rsvp_for_event":"","_tribe_ticket_going_count":"","_tribe_ticket_not_going_count":"","_tribe_tickets_list":"[]","_tribe_ticket_has_attendee_info_fields":false,"_EventAllDay":false,"_EventTimezone":"","_EventStartDate":"","_EventEndDate":"","_EventStartDateUTC":"","_EventEndDateUTC":"","_EventShowMap":false,"_EventShowMapLink":false,"_EventURL":"","_EventCost":"","_EventCostDescription":"","_EventCurrencySymbol":"","_EventCurrencyCode":"","_EventCurrencyPosition":"","_EventDateTimeSeparator":"","_EventTimeRangeSeparator":"","_EventOrganizerID":[],"_EventVenueID":[0],"_OrganizerEmail":"","_OrganizerPhone":"","_OrganizerWebsite":"","_VenueAddress":"","_VenueCity":"","_VenueCountry":"","_VenueProvince":"","_VenueState":"","_VenueZip":"","_VenuePhone":"","_VenueURL":"","_VenueStateProvince":"","_VenueLat":"","_VenueLng":"","_VenueShowMap":false,"_VenueShowMapLink":false,"_kadence_starter_templates_imported_post":false,"_kad_post_transparent":"","_kad_post_title":"show","_kad_post_layout":"narrow","_kad_post_sidebar_id":"","_kad_post_content_style":"","_kad_post_vertical_padding":"","_kad_post_feature":"","_kad_post_feature_position":"","_kad_post_header":false,"_kad_post_footer":false,"footnotes":"","_tec_slr_enabled":"","_tec_slr_layout":""},"campaignId":"","ticketed":false,"_links":{"self":[{"href":"https:\/\/kainuunravirata.fi\/index.php?rest_route=\/wp\/v2\/pages\/4068"}],"collection":[{"href":"https:\/\/kainuunravirata.fi\/index.php?rest_route=\/wp\/v2\/pages"}],"about":[{"href":"https:\/\/kainuunravirata.fi\/index.php?rest_route=\/wp\/v2\/types\/page"}],"author":[{"embeddable":true,"href":"https:\/\/kainuunravirata.fi\/index.php?rest_route=\/wp\/v2\/users\/1"}],"replies":[{"embeddable":true,"href":"https:\/\/kainuunravirata.fi\/index.php?rest_route=%2Fwp%2Fv2%2Fcomments&post=4068"}],"version-history":[{"count":9,"href":"https:\/\/kainuunravirata.fi\/index.php?rest_route=\/wp\/v2\/pages\/4068\/revisions"}],"predecessor-version":[{"id":4744,"href":"https:\/\/kainuunravirata.fi\/index.php?rest_route=\/wp\/v2\/pages\/4068\/revisions\/4744"}],"wp:attachment":[{"href":"https:\/\/kainuunravirata.fi\/index.php?rest_route=%2Fwp%2Fv2%2Fmedia&parent=4068"}],"curies":[{"name":"wp","href":"https:\/\/api.w.org\/{rel}","templated":true}]}}