{"id":4183,"date":"2024-05-08T18:29:12","date_gmt":"2024-05-08T15:29:12","guid":{"rendered":"https:\/\/kainuunravirata.fi\/?page_id=4183"},"modified":"2024-05-08T18:29:12","modified_gmt":"2024-05-08T15:29:12","slug":"toimihenkiloksi","status":"publish","type":"page","link":"https:\/\/kainuunravirata.fi\/?page_id=4183","title":{"rendered":"Toimihenkil\u00f6ksi"},"content":{"rendered":"<style>.kb-row-layout-wrap.wp-block-kadence-rowlayout.kb-row-layout-id4183_f074ad-d0{margin-top:0px;margin-bottom:0px;}.kb-row-layout-id4183_f074ad-d0 > .kt-row-column-wrap{align-content:start;}:where(.kb-row-layout-id4183_f074ad-d0 > .kt-row-column-wrap) > .wp-block-kadence-column{justify-content:start;}.kb-row-layout-id4183_f074ad-d0 > .kt-row-column-wrap{column-gap:var(--global-kb-gap-none, 0rem );row-gap:var(--global-kb-gap-md, 2rem);max-width:var( --global-content-width, 1290px );padding-left:var(--global-content-edge-padding);padding-right:var(--global-content-edge-padding);padding-top:var(--global-kb-spacing-lg, 3rem);padding-bottom:var(--global-kb-spacing-lg, 3rem);grid-template-columns:minmax(0, calc(70% - ((var(--global-kb-gap-none, 0rem ) * 1 )\/2)))minmax(0, calc(30% - ((var(--global-kb-gap-none, 0rem ) * 1 )\/2)));}.kb-row-layout-id4183_f074ad-d0{background-image:url('https:\/\/kainuunravirata.fi\/wp-content\/uploads\/2023\/04\/Talkoo-1.jpg');background-size:cover;background-position:50% 50%;background-attachment:scroll;background-repeat:no-repeat;}.kb-row-layout-id4183_f074ad-d0 > .kt-row-layout-overlay{opacity:0.65;background:linear-gradient(135deg,var(--global-palette7) 0%,var(--global-palette8) 100%);mix-blend-mode:multiply;}@media all and (max-width: 1024px){.kb-row-layout-id4183_f074ad-d0 > .kt-row-column-wrap{padding-top:var(--global-kb-spacing-3xl, 6.5rem);padding-right:var(--global-kb-spacing-3xl, 6.5rem);padding-bottom:var(--global-kb-spacing-xl, 4rem);padding-left:var(--global-kb-spacing-xl, 4rem);grid-template-columns:minmax(0, 2fr) minmax(0, 1fr);}}@media all and (max-width: 767px){.kb-row-layout-id4183_f074ad-d0 > .kt-row-column-wrap{padding-right:var(--global-kb-spacing-xs, 1rem);padding-left:var(--global-kb-spacing-xs, 1rem);grid-template-columns:minmax(0, 1fr);}}<\/style><div class=\"kb-row-layout-wrap kb-row-layout-id4183_f074ad-d0 alignfull kt-row-has-bg wp-block-kadence-rowlayout\"><div class=\"kt-row-layout-overlay kt-row-overlay-gradient\"><\/div><div class=\"kt-row-column-wrap kt-has-2-columns kt-row-layout-left-golden kt-tab-layout-inherit kt-mobile-layout-row kt-row-valign-top kb-theme-content-width\">\n<style>.kadence-column4183_d37c45-fb > .kt-inside-inner-col,.kadence-column4183_d37c45-fb > .kt-inside-inner-col:before{border-top-left-radius:0px;border-top-right-radius:0px;border-bottom-right-radius:0px;border-bottom-left-radius:0px;}.kadence-column4183_d37c45-fb > .kt-inside-inner-col{column-gap:var(--global-kb-gap-sm, 1rem);}.kadence-column4183_d37c45-fb > .kt-inside-inner-col{flex-direction:column;}.kadence-column4183_d37c45-fb > .kt-inside-inner-col > .aligncenter{width:100%;}.kadence-column4183_d37c45-fb > .kt-inside-inner-col:before{opacity:0.3;}.kadence-column4183_d37c45-fb{position:relative;}@media all and (max-width: 1024px){.kadence-column4183_d37c45-fb > .kt-inside-inner-col{flex-direction:column;}}@media all and (max-width: 767px){.kadence-column4183_d37c45-fb > .kt-inside-inner-col{flex-direction:column;}}<\/style>\n<header class=\"wp-block-kadence-column kadence-column4183_d37c45-fb inner-column-1\"><div class=\"kt-inside-inner-col\"><style>.wp-block-kadence-advancedheading.kt-adv-heading4183_1762ca-5b, .wp-block-kadence-advancedheading.kt-adv-heading4183_1762ca-5b[data-kb-block=\"kb-adv-heading4183_1762ca-5b\"]{margin-bottom:var(--global-kb-spacing-sm, 1.5rem);font-size:80px;line-height:1.1em;font-style:normal;letter-spacing:-1px;}.wp-block-kadence-advancedheading.kt-adv-heading4183_1762ca-5b mark.kt-highlight, .wp-block-kadence-advancedheading.kt-adv-heading4183_1762ca-5b[data-kb-block=\"kb-adv-heading4183_1762ca-5b\"] mark.kt-highlight{font-style:normal;color:#f76a0c;-webkit-box-decoration-break:clone;box-decoration-break:clone;padding-top:0px;padding-right:0px;padding-bottom:0px;padding-left:0px;}@media all and (max-width: 1024px){.wp-block-kadence-advancedheading.kt-adv-heading4183_1762ca-5b, .wp-block-kadence-advancedheading.kt-adv-heading4183_1762ca-5b[data-kb-block=\"kb-adv-heading4183_1762ca-5b\"]{font-size:var(--global-kb-font-size-xxl, 4rem);}}@media all and (max-width: 767px){.wp-block-kadence-advancedheading.kt-adv-heading4183_1762ca-5b, .wp-block-kadence-advancedheading.kt-adv-heading4183_1762ca-5b[data-kb-block=\"kb-adv-heading4183_1762ca-5b\"]{font-size:var(--global-kb-font-size-xl, 3rem);}}<\/style>\n<h4 class=\"kt-adv-heading4183_1762ca-5b wp-block-kadence-advancedheading has-theme-palette-9-color has-text-color\" data-kb-block=\"kb-adv-heading4183_1762ca-5b\"><strong>Toimihenkil\u00f6t mahdollistavat ravip\u00e4iv\u00e4mme<\/strong><\/h4>\n<\/div><\/header>\n\n\n<style>.kadence-column4183_86d066-ef > .kt-inside-inner-col,.kadence-column4183_86d066-ef > .kt-inside-inner-col:before{border-top-left-radius:0px;border-top-right-radius:0px;border-bottom-right-radius:0px;border-bottom-left-radius:0px;}.kadence-column4183_86d066-ef > .kt-inside-inner-col{column-gap:var(--global-kb-gap-sm, 1rem);}.kadence-column4183_86d066-ef > .kt-inside-inner-col{flex-direction:column;}.kadence-column4183_86d066-ef > .kt-inside-inner-col > .aligncenter{width:100%;}.kadence-column4183_86d066-ef > .kt-inside-inner-col:before{opacity:0.3;}.kadence-column4183_86d066-ef{position:relative;}@media all and (max-width: 1024px){.kadence-column4183_86d066-ef > .kt-inside-inner-col{flex-direction:column;}}@media all and (max-width: 767px){.kadence-column4183_86d066-ef > .kt-inside-inner-col{flex-direction:column;}}<\/style>\n<div class=\"wp-block-kadence-column kadence-column4183_86d066-ef inner-column-2\"><div class=\"kt-inside-inner-col\"><\/div><\/div>\n\n<\/div><\/div>\n\n<style>.kb-row-layout-id4183_8a1c0f-c4 > .kt-row-column-wrap{align-content:center;}:where(.kb-row-layout-id4183_8a1c0f-c4 > .kt-row-column-wrap) > .wp-block-kadence-column{justify-content:center;}.kb-row-layout-id4183_8a1c0f-c4 > .kt-row-column-wrap{column-gap:var(--global-kb-gap-lg, 4rem);row-gap:var(--global-kb-gap-md, 2rem);max-width:var( --global-content-width, 1290px );padding-left:var(--global-content-edge-padding);padding-right:var(--global-content-edge-padding);padding-top:var(--global-kb-spacing-md, 2rem);padding-bottom:var(--global-kb-spacing-md, 2rem);grid-template-columns:repeat(2, minmax(0, 1fr));}.kb-row-layout-id4183_8a1c0f-c4 > .kt-row-layout-overlay{opacity:0.30;}@media all and (max-width: 1024px){.kb-row-layout-id4183_8a1c0f-c4 > .kt-row-column-wrap{column-gap:var(--global-kb-gap-md, 2rem);padding-top:var(--global-kb-spacing-lg, 3rem);padding-right:var(--global-kb-spacing-lg, 3rem);padding-bottom:var(--global-kb-spacing-lg, 3rem);padding-left:var(--global-kb-spacing-lg, 3rem);grid-template-columns:minmax(0, 1fr);}}@media all and (max-width: 767px){.kb-row-layout-id4183_8a1c0f-c4 > .kt-row-column-wrap{grid-template-columns:minmax(0, 1fr);}}<\/style><div class=\"kb-row-layout-wrap kb-row-layout-id4183_8a1c0f-c4 alignfull has-theme-palette9-background-color kt-row-has-bg wp-block-kadence-rowlayout\"><div class=\"kt-row-column-wrap kt-has-2-columns kt-row-layout-equal kt-tab-layout-row kt-mobile-layout-row kt-row-valign-middle kb-theme-content-width\">\n<style>.kadence-column4183_a51354-00 > .kt-inside-inner-col,.kadence-column4183_a51354-00 > .kt-inside-inner-col:before{border-top-left-radius:0px;border-top-right-radius:0px;border-bottom-right-radius:0px;border-bottom-left-radius:0px;}.kadence-column4183_a51354-00 > .kt-inside-inner-col{column-gap:0px;}.kadence-column4183_a51354-00 > .kt-inside-inner-col{flex-direction:column;}.kadence-column4183_a51354-00 > .kt-inside-inner-col > .aligncenter{width:100%;}.kadence-column4183_a51354-00 > .kt-inside-inner-col:before{opacity:0.3;}.kadence-column4183_a51354-00{text-align:left;}.kadence-column4183_a51354-00{position:relative;}@media all and (max-width: 1024px){.kadence-column4183_a51354-00 > .kt-inside-inner-col{flex-direction:column;}}@media all and (max-width: 767px){.kadence-column4183_a51354-00 > .kt-inside-inner-col{flex-direction:column;}}<\/style>\n<div class=\"wp-block-kadence-column kadence-column4183_a51354-00 kb-section-dir-vertical inner-column-2\"><div class=\"kt-inside-inner-col\"><style>.kb-image4183_bd3402-ee .kb-image-has-overlay:after{opacity:0.3;}<\/style>\n<figure class=\"wp-block-kadence-image kb-image4183_bd3402-ee kb-image-is-ratio-size\"><div class=\"kb-is-ratio-image kb-image-ratio-square\"><img loading=\"lazy\" decoding=\"async\" width=\"1707\" height=\"2560\" src=\"https:\/\/kainuunravirata.fi\/wp-content\/uploads\/2024\/05\/IMG_5186-scaled.jpg\" class=\"kb-img wp-image-4184\" srcset=\"https:\/\/kainuunravirata.fi\/wp-content\/uploads\/2024\/05\/IMG_5186-scaled.jpg 1707w, https:\/\/kainuunravirata.fi\/wp-content\/uploads\/2024\/05\/IMG_5186-scaled-200x300.jpg 200w, https:\/\/kainuunravirata.fi\/wp-content\/uploads\/2024\/05\/IMG_5186-scaled-683x1024.jpg 683w, https:\/\/kainuunravirata.fi\/wp-content\/uploads\/2024\/05\/IMG_5186-768x1152.jpg 768w, https:\/\/kainuunravirata.fi\/wp-content\/uploads\/2024\/05\/IMG_5186-scaled-1024x1536.jpg 1024w, https:\/\/kainuunravirata.fi\/wp-content\/uploads\/2024\/05\/IMG_5186-scaled-1366x2048.jpg 1366w, https:\/\/kainuunravirata.fi\/wp-content\/uploads\/2024\/05\/IMG_5186-scaled-600x900.jpg 600w\" sizes=\"(max-width: 1707px) 100vw, 1707px\" \/><\/div><\/figure>\n<\/div><\/div>\n\n\n<style>.kadence-column4183_89a366-7e > .kt-inside-inner-col{display:flex;}.kadence-column4183_89a366-7e > .kt-inside-inner-col,.kadence-column4183_89a366-7e > .kt-inside-inner-col:before{border-top-left-radius:0px;border-top-right-radius:0px;border-bottom-right-radius:0px;border-bottom-left-radius:0px;}.kadence-column4183_89a366-7e > .kt-inside-inner-col{column-gap:var(--global-kb-gap-sm, 1rem);}.kadence-column4183_89a366-7e > .kt-inside-inner-col{flex-direction:column;justify-content:center;}.kadence-column4183_89a366-7e > .kt-inside-inner-col > .aligncenter{width:100%;}.kt-row-column-wrap > .kadence-column4183_89a366-7e{align-self:center;}.kt-inner-column-height-full:not(.kt-has-1-columns) > .wp-block-kadence-column.kadence-column4183_89a366-7e{align-self:auto;}.kt-inner-column-height-full:not(.kt-has-1-columns) > .wp-block-kadence-column.kadence-column4183_89a366-7e > .kt-inside-inner-col{flex-direction:column;justify-content:center;}.kadence-column4183_89a366-7e > .kt-inside-inner-col:before{opacity:0.3;}.kadence-column4183_89a366-7e{text-align:left;}.kadence-column4183_89a366-7e{position:relative;}@media all and (max-width: 1024px){.kadence-column4183_89a366-7e > .kt-inside-inner-col{padding-top:0px;padding-right:0px;padding-bottom:0px;padding-left:0px;flex-direction:column;}}@media all and (max-width: 1024px){.kt-row-column-wrap > .kadence-column4183_89a366-7e{align-self:center;}}@media all and (max-width: 1024px){.kt-inner-column-height-full:not(.kt-has-1-columns) > .wp-block-kadence-column.kadence-column4183_89a366-7e{align-self:auto;}}@media all and (max-width: 1024px){.kt-inner-column-height-full:not(.kt-has-1-columns) > .wp-block-kadence-column.kadence-column4183_89a366-7e > .kt-inside-inner-col{flex-direction:column;justify-content:center;}}@media all and (max-width: 767px){.kt-row-column-wrap > .kadence-column4183_89a366-7e{align-self:center;}.kt-inner-column-height-full:not(.kt-has-1-columns) > .wp-block-kadence-column.kadence-column4183_89a366-7e{align-self:auto;}.kt-inner-column-height-full:not(.kt-has-1-columns) > .wp-block-kadence-column.kadence-column4183_89a366-7e > .kt-inside-inner-col{flex-direction:column;justify-content:center;}.kadence-column4183_89a366-7e > .kt-inside-inner-col{flex-direction:column;}}<\/style>\n<div class=\"wp-block-kadence-column kadence-column4183_89a366-7e kb-section-dir-vertical inner-column-1\"><div class=\"kt-inside-inner-col\"><style>.wp-block-kadence-advancedheading.kt-adv-heading4183_58d2d9-89, .wp-block-kadence-advancedheading.kt-adv-heading4183_58d2d9-89[data-kb-block=\"kb-adv-heading4183_58d2d9-89\"]{font-size:var(--global-kb-font-size-lg, 2rem);line-height:1.2;font-style:normal;}.wp-block-kadence-advancedheading.kt-adv-heading4183_58d2d9-89 mark.kt-highlight, .wp-block-kadence-advancedheading.kt-adv-heading4183_58d2d9-89[data-kb-block=\"kb-adv-heading4183_58d2d9-89\"] mark.kt-highlight{font-style:normal;color:#f76a0c;-webkit-box-decoration-break:clone;box-decoration-break:clone;padding-top:0px;padding-right:0px;padding-bottom:0px;padding-left:0px;}<\/style>\n<h2 class=\"kt-adv-heading4183_58d2d9-89 wp-block-kadence-advancedheading has-theme-palette-3-color has-text-color\" data-kb-block=\"kb-adv-heading4183_58d2d9-89\">Kilpailutoiminnan mahdollistajat<\/h2>\n\n\n<style>.wp-block-kadence-advancedheading.kt-adv-heading4183_37f54f-c2, .wp-block-kadence-advancedheading.kt-adv-heading4183_37f54f-c2[data-kb-block=\"kb-adv-heading4183_37f54f-c2\"]{margin-bottom:var(--global-kb-spacing-sm, 1.5rem);font-style:normal;}.wp-block-kadence-advancedheading.kt-adv-heading4183_37f54f-c2 mark.kt-highlight, .wp-block-kadence-advancedheading.kt-adv-heading4183_37f54f-c2[data-kb-block=\"kb-adv-heading4183_37f54f-c2\"] mark.kt-highlight{font-style:normal;color:#f76a0c;-webkit-box-decoration-break:clone;box-decoration-break:clone;padding-top:0px;padding-right:0px;padding-bottom:0px;padding-left:0px;}<\/style>\n<p class=\"kt-adv-heading4183_37f54f-c2 wp-block-kadence-advancedheading has-theme-palette-3-color has-text-color\" data-kb-block=\"kb-adv-heading4183_37f54f-c2\">Kainuun raviradalla kilpailutoimintaa py\u00f6ritet\u00e4\u00e4n p\u00e4\u00e4asiassa talkoovoimin. Kainuulaiset hevosyst\u00e4v\u00e4inseurat ovat merkitt\u00e4v\u00e4ss\u00e4 roolissa ravikilpailuissa. Toimihenkil\u00f6ille l\u00f6ytyy monipuolisia teht\u00e4vi\u00e4. Ravip\u00e4iv\u00e4n\u00e4 on mahdollista toimia mm. kahviossa, tuomariston sihteerin\u00e4, l\u00e4hetysporukassa, hevosen loimittajana tai vaikka el\u00e4inl\u00e4\u00e4k\u00e4rinavustajana.<\/p>\n<\/div><\/div>\n\n<\/div><\/div>\n\n<style>.kb-row-layout-id4183_a4e470-82 > .kt-row-column-wrap{align-content:start;}:where(.kb-row-layout-id4183_a4e470-82 > .kt-row-column-wrap) > .wp-block-kadence-column{justify-content:start;}.kb-row-layout-id4183_a4e470-82 > .kt-row-column-wrap{column-gap:var(--global-kb-gap-md, 2rem);row-gap:var(--global-kb-gap-md, 2rem);padding-top:var(--global-kb-spacing-sm, 1.5rem);padding-bottom:var(--global-kb-spacing-sm, 1.5rem);grid-template-columns:repeat(2, minmax(0, 1fr));}.kb-row-layout-id4183_a4e470-82 > .kt-row-layout-overlay{opacity:0.30;}@media all and (max-width: 1024px){.kb-row-layout-id4183_a4e470-82 > .kt-row-column-wrap{grid-template-columns:repeat(2, minmax(0, 1fr));}}@media all and (max-width: 767px){.kb-row-layout-id4183_a4e470-82 > .kt-row-column-wrap{grid-template-columns:minmax(0, 1fr);}}<\/style><div class=\"kb-row-layout-wrap kb-row-layout-id4183_a4e470-82 alignnone wp-block-kadence-rowlayout\"><div class=\"kt-row-column-wrap kt-has-2-columns kt-row-layout-equal kt-tab-layout-inherit kt-mobile-layout-row kt-row-valign-top\">\n<style>.kadence-column4183_c7c220-21 > .kt-inside-inner-col,.kadence-column4183_c7c220-21 > .kt-inside-inner-col:before{border-top-left-radius:0px;border-top-right-radius:0px;border-bottom-right-radius:0px;border-bottom-left-radius:0px;}.kadence-column4183_c7c220-21 > .kt-inside-inner-col{column-gap:var(--global-kb-gap-sm, 1rem);}.kadence-column4183_c7c220-21 > .kt-inside-inner-col{flex-direction:column;}.kadence-column4183_c7c220-21 > .kt-inside-inner-col > .aligncenter{width:100%;}.kadence-column4183_c7c220-21 > .kt-inside-inner-col:before{opacity:0.3;}.kadence-column4183_c7c220-21{position:relative;}@media all and (max-width: 1024px){.kadence-column4183_c7c220-21 > .kt-inside-inner-col{flex-direction:column;}}@media all and (max-width: 767px){.kadence-column4183_c7c220-21 > .kt-inside-inner-col{flex-direction:column;}}<\/style>\n<div class=\"wp-block-kadence-column kadence-column4183_c7c220-21\"><div class=\"kt-inside-inner-col\"><style>.wp-block-kadence-advancedheading.kt-adv-heading4183_9942d8-3e, .wp-block-kadence-advancedheading.kt-adv-heading4183_9942d8-3e[data-kb-block=\"kb-adv-heading4183_9942d8-3e\"]{font-style:normal;}.wp-block-kadence-advancedheading.kt-adv-heading4183_9942d8-3e mark.kt-highlight, .wp-block-kadence-advancedheading.kt-adv-heading4183_9942d8-3e[data-kb-block=\"kb-adv-heading4183_9942d8-3e\"] mark.kt-highlight{font-style:normal;color:#f76a0c;-webkit-box-decoration-break:clone;box-decoration-break:clone;padding-top:0px;padding-right:0px;padding-bottom:0px;padding-left:0px;}<\/style>\n<h2 class=\"kt-adv-heading4183_9942d8-3e wp-block-kadence-advancedheading\" data-kb-block=\"kb-adv-heading4183_9942d8-3e\">Tule mukaan mahdollistamaan ravip\u00e4ivi\u00e4!<\/h2>\n\n\n\n<p>Mik\u00e4li haluat mukaan mahdollistamaan ravip\u00e4ivi\u00e4, voit olla pienell\u00e4 kynnyksell\u00e4 yhteydess\u00e4. Kerro hieman itsest\u00e4si ja siit\u00e4 mink\u00e4laiseen teht\u00e4v\u00e4\u00e4n haluaisit p\u00e4\u00e4st\u00e4!<\/p>\n\n\n<style>.kb-form input.kadence-blocks-field.verify{opacity:0.0;position:absolute;top:0.0;left:0.0;width:0.0;height:0.0;z-index:-1;}<\/style>\n<div class=\"wp-block-kadence-form kadence-form-4183_7b2781-8f kb-form-wrap\"><form class=\"kb-form\" action=\"\" method=\"post\"><div class=\"kadence-blocks-form-field kb-field-desk-width-100 kb-input-size-standard\"><label for=\"kb_field_4183_7b2781-8f_0\">Nimi<\/label><input name=\"kb_field_0\" id=\"kb_field_4183_7b2781-8f_0\" data-label=\"Nimi\" type=\"text\" placeholder=\"\" value=\"\" data-type=\"text\" class=\"kb-field kb-text-style-field kb-text-field kb-field-0\"\/><\/div><div class=\"kadence-blocks-form-field kb-form-field-1 kb-field-desk-width-100 kb-input-size-standard\"><label for=\"kb_field_4183_7b2781-8f_1\">S\u00e4hk\u00f6posti<span class=\"required\">*<\/span><\/label><input name=\"kb_field_1\" id=\"kb_field_4183_7b2781-8f_1\" data-label=\"S\u00e4hk\u00f6posti\" type=\"email\" placeholder=\"\" value=\"\" data-type=\"email\" class=\"kb-field kb-text-style-field kb-email-field kb-field-1\" data-required=\"yes\"\/><\/div><div class=\"kadence-blocks-form-field kb-form-field-2 kb-field-desk-width-100 kb-input-size-standard\"><label for=\"kb_field_4183_7b2781-8f_2\">Viesti<span class=\"required\">*<\/span><\/label><textarea name=\"kb_field_2\" id=\"kb_field_4183_7b2781-8f_2\" data-label=\"Viesti\" type=\"textarea\" placeholder=\"\" data-type=\"textarea\" class=\"kb-field kb-text-style-field kb-textarea-field kb-field-2\" rows=\"4\" data-required=\"yes\"><\/textarea><\/div><input type=\"hidden\" name=\"_kb_form_id\" value=\"4183_7b2781-8f\"\/><input type=\"hidden\" name=\"_kb_form_post_id\" value=\"4183\"\/><input type=\"hidden\" name=\"action\" value=\"kb_process_ajax_submit\"\/><input class=\"kadence-blocks-field verify\" type=\"text\" name=\"_kb_verify_email\" autocomplete=\"new-password\" aria-hidden=\"true\" placeholder=\"Email\" tabindex=\"-1\" data-1p-ignore=\"true\" data-lpignore=\"true\" \/><div class=\"kadence-blocks-form-field kb-submit-field kb-field-desk-width-100\"><button class=\"kb-forms-submit button kb-button-size-standard kb-button-width-auto\">L\u00e4het\u00e4<\/button><\/div><\/form><\/div>\n<noscript><div class=\"kadence-blocks-form-message kadence-blocks-form-warning\">Please enable JavaScript in your browser to submit the form<\/div><style>.kadence-form-4183_7b2781-8f .kadence-blocks-form-field.kb-submit-field { display: none; }<\/style><\/noscript><\/div><\/div>\n\n\n<style>.kadence-column4183_71b236-3a > .kt-inside-inner-col,.kadence-column4183_71b236-3a > .kt-inside-inner-col:before{border-top-left-radius:0px;border-top-right-radius:0px;border-bottom-right-radius:0px;border-bottom-left-radius:0px;}.kadence-column4183_71b236-3a > .kt-inside-inner-col{column-gap:var(--global-kb-gap-sm, 1rem);}.kadence-column4183_71b236-3a > .kt-inside-inner-col{flex-direction:column;}.kadence-column4183_71b236-3a > .kt-inside-inner-col > .aligncenter{width:100%;}.kadence-column4183_71b236-3a > .kt-inside-inner-col:before{opacity:0.3;}.kadence-column4183_71b236-3a{position:relative;}@media all and (max-width: 1024px){.kadence-column4183_71b236-3a > .kt-inside-inner-col{flex-direction:column;}}@media all and (max-width: 767px){.kadence-column4183_71b236-3a > .kt-inside-inner-col{flex-direction:column;}}<\/style>\n<div class=\"wp-block-kadence-column kadence-column4183_71b236-3a\"><div class=\"kt-inside-inner-col\"><style>.kb-image4183_21c47a-09 .kb-image-has-overlay:after{opacity:0.3;}<\/style>\n<figure class=\"wp-block-kadence-image kb-image4183_21c47a-09 size-large\"><a href=\"https:\/\/kainuunravirata.fi\/wp-content\/uploads\/2024\/05\/Toimihenkilot-Jussi-ja-Nonna-scaled.jpeg\" class=\"kb-advanced-image-link\"><img loading=\"lazy\" decoding=\"async\" width=\"683\" height=\"1024\" src=\"https:\/\/kainuunravirata.fi\/wp-content\/uploads\/2024\/05\/Toimihenkilot-Jussi-ja-Nonna-scaled-683x1024.jpeg\" alt=\"\" class=\"kb-img wp-image-4045\" srcset=\"https:\/\/kainuunravirata.fi\/wp-content\/uploads\/2024\/05\/Toimihenkilot-Jussi-ja-Nonna-scaled-683x1024.jpeg 683w, https:\/\/kainuunravirata.fi\/wp-content\/uploads\/2024\/05\/Toimihenkilot-Jussi-ja-Nonna-scaled-600x900.jpeg 600w, https:\/\/kainuunravirata.fi\/wp-content\/uploads\/2024\/05\/Toimihenkilot-Jussi-ja-Nonna-scaled-200x300.jpeg 200w, https:\/\/kainuunravirata.fi\/wp-content\/uploads\/2024\/05\/Toimihenkilot-Jussi-ja-Nonna-768x1152.jpeg 768w, https:\/\/kainuunravirata.fi\/wp-content\/uploads\/2024\/05\/Toimihenkilot-Jussi-ja-Nonna-scaled-1024x1536.jpeg 1024w, https:\/\/kainuunravirata.fi\/wp-content\/uploads\/2024\/05\/Toimihenkilot-Jussi-ja-Nonna-scaled-1366x2048.jpeg 1366w, https:\/\/kainuunravirata.fi\/wp-content\/uploads\/2024\/05\/Toimihenkilot-Jussi-ja-Nonna-scaled.jpeg 1707w\" sizes=\"(max-width: 683px) 100vw, 683px\" \/><\/a><\/figure>\n<\/div><\/div>\n\n<\/div><\/div>","protected":false},"excerpt":{"rendered":"<p>Toimihenkil\u00f6t mahdollistavat ravip\u00e4iv\u00e4mme Kilpailutoiminnan mahdollistajat Kainuun raviradalla kilpailutoimintaa py\u00f6ritet\u00e4\u00e4n p\u00e4\u00e4asiassa talkoovoimin. Kainuulaiset hevosyst\u00e4v\u00e4inseurat ovat merkitt\u00e4v\u00e4ss\u00e4 roolissa ravikilpailuissa. Toimihenkil\u00f6ille l\u00f6ytyy monipuolisia teht\u00e4vi\u00e4. Ravip\u00e4iv\u00e4n\u00e4 on mahdollista toimia mm. kahviossa, tuomariston sihteerin\u00e4, l\u00e4hetysporukassa,&#8230;<\/p>\n","protected":false},"author":1,"featured_media":0,"parent":0,"menu_order":0,"comment_status":"closed","ping_status":"closed","template":"","meta":{"give_campaign_id":0,"_price":"","_stock":"","_tribe_ticket_header":"","_tribe_default_ticket_provider":"","_tribe_ticket_capacity":"0","_ticket_start_date":"","_ticket_end_date":"","_tribe_ticket_show_description":"","_tribe_ticket_show_not_going":false,"_tribe_ticket_use_global_stock":"","_tribe_ticket_global_stock_level":"","_global_stock_mode":"","_global_stock_cap":"","_tribe_rsvp_for_event":"","_tribe_ticket_going_count":"","_tribe_ticket_not_going_count":"","_tribe_tickets_list":"[]","_tribe_ticket_has_attendee_info_fields":false,"_EventAllDay":false,"_EventTimezone":"","_EventStartDate":"","_EventEndDate":"","_EventStartDateUTC":"","_EventEndDateUTC":"","_EventShowMap":false,"_EventShowMapLink":false,"_EventURL":"","_EventCost":"","_EventCostDescription":"","_EventCurrencySymbol":"","_EventCurrencyCode":"","_EventCurrencyPosition":"","_EventDateTimeSeparator":"","_EventTimeRangeSeparator":"","_EventOrganizerID":[],"_EventVenueID":[0],"_OrganizerEmail":"","_OrganizerPhone":"","_OrganizerWebsite":"","_VenueAddress":"","_VenueCity":"","_VenueCountry":"","_VenueProvince":"","_VenueState":"","_VenueZip":"","_VenuePhone":"","_VenueURL":"","_VenueStateProvince":"","_VenueLat":"","_VenueLng":"","_VenueShowMap":false,"_VenueShowMapLink":false,"_kadence_starter_templates_imported_post":false,"_kad_post_transparent":"","_kad_post_title":"","_kad_post_layout":"narrow","_kad_post_sidebar_id":"","_kad_post_content_style":"","_kad_post_vertical_padding":"","_kad_post_feature":"","_kad_post_feature_position":"","_kad_post_header":false,"_kad_post_footer":false,"footnotes":"","_tec_slr_enabled":"","_tec_slr_layout":""},"campaignId":"","ticketed":false,"_links":{"self":[{"href":"https:\/\/kainuunravirata.fi\/index.php?rest_route=\/wp\/v2\/pages\/4183"}],"collection":[{"href":"https:\/\/kainuunravirata.fi\/index.php?rest_route=\/wp\/v2\/pages"}],"about":[{"href":"https:\/\/kainuunravirata.fi\/index.php?rest_route=\/wp\/v2\/types\/page"}],"author":[{"embeddable":true,"href":"https:\/\/kainuunravirata.fi\/index.php?rest_route=\/wp\/v2\/users\/1"}],"replies":[{"embeddable":true,"href":"https:\/\/kainuunravirata.fi\/index.php?rest_route=%2Fwp%2Fv2%2Fcomments&post=4183"}],"version-history":[{"count":1,"href":"https:\/\/kainuunravirata.fi\/index.php?rest_route=\/wp\/v2\/pages\/4183\/revisions"}],"predecessor-version":[{"id":4186,"href":"https:\/\/kainuunravirata.fi\/index.php?rest_route=\/wp\/v2\/pages\/4183\/revisions\/4186"}],"wp:attachment":[{"href":"https:\/\/kainuunravirata.fi\/index.php?rest_route=%2Fwp%2Fv2%2Fmedia&parent=4183"}],"curies":[{"name":"wp","href":"https:\/\/api.w.org\/{rel}","templated":true}]}}